{"id":82,"date":"2020-08-01T21:49:27","date_gmt":"2020-08-01T19:49:27","guid":{"rendered":"http:\/\/www.auriac-lagast.ovh\/?page_id=82"},"modified":"2023-08-04T19:19:29","modified_gmt":"2023-08-04T17:19:29","slug":"auriac-lagast-association-vel-histoire-tourisme","status":"publish","type":"page","link":"https:\/\/www.auriac-lagast.ovh\/","title":{"rendered":"Association V\u00e9lo-Histoire et Tourisme autour d&rsquo;Auriac-Lagast"},"content":{"rendered":"\n<p class=\"has-text-align-left\">Un peu  d&rsquo;histoire du village d&rsquo;Auriac-Lagast :<\/p>\n\n\n\n<p class=\"has-text-align-left\">Auriac-Lagast, est une commune fran\u00e7aise situ\u00e9e dans le d\u00e9partement de l\u2019Aveyron en r\u00e9gion Occitanie. Commune situ\u00e9e pr\u00e8s du Mont Lagast (928m) entre le L\u00e9vezou et le S\u00e9gala. Superficie de 3076 hectares , altitude 720 m. Jusqu\u2019au d\u00e9but du XXe si\u00e8cle; sur ces hautes terres schisteuses, froides et acides, l\u2019on pouvait gu\u00e8re cultiver que le seigle (du mot \u00ab&nbsp;seigle&nbsp;\u00bb vient le nom du S\u00e9gala). L\u2019arriv\u00e9e du chemin de fer, en 1902, permet d\u2019apporter chaux et engrais (le bl\u00e9 remplace le seigle et la betterave , le tr\u00e8fle, le mais et surtout la pomme de terre y sont cultiv\u00e9s\u2026). Le village d\u2019Auriac-Lagast, est un ancien domaine ou villa gallo- romaine, comme tous les toponymes en \u00ab&nbsp;ac&nbsp;\u00bb. Auriac se partage au moyen- \u00e2ge entre les moines de Bonnecombe et les templiers de la Selve. Au XVe si\u00e8cle, fortification du village pour se prot\u00e9ger des routiers. L\u2019\u00e9glise est incendi\u00e9e par la foudre en 1947 et restaur\u00e9e, elle renferme un tableau du XIXe si\u00e8cle, Saint L\u00e9onard patron de la paroisse.<\/p>\n\n\n\n<p>Site naturel et site am\u00e9nag\u00e9: <\/p>\n\n\n\n<p>&#8211; For\u00eat domaniale du Lagast<\/p>\n\n\n\n<p>-Vestige d&rsquo;un barrage cistercien et fours \u00e0 verre<\/p>\n\n\n\n<p> <\/p>\n\n\n\n<p>Aux environs :<\/p>\n\n\n\n<p>\u2013 Moncan, ancienne grange de l\u2019abbaye de Bonnecombe<\/p>\n\n\n\n<p>&#8211; Eglise paroissiale Saint L\u00e9onard d\u2019Auriac ,<\/p>\n\n\n\n<p>-Maison de Maitre \u00e0 Randan (domaine priv\u00e9)<\/p>\n\n\n\n<p><\/p>\n\n\n\n<figure class=\"wp-block-image size-large is-resized\"><img decoding=\"async\" loading=\"lazy\" src=\"http:\/\/www.auriac-lagast.ovh\/wp-content\/uploads\/2020\/08\/auriac-neige-576x1024.jpg\" alt=\"\" class=\"wp-image-51\" width=\"276\" height=\"491\" srcset=\"https:\/\/www.auriac-lagast.ovh\/wp-content\/uploads\/2020\/08\/auriac-neige-576x1024.jpg 576w, https:\/\/www.auriac-lagast.ovh\/wp-content\/uploads\/2020\/08\/auriac-neige-169x300.jpg 169w, https:\/\/www.auriac-lagast.ovh\/wp-content\/uploads\/2020\/08\/auriac-neige-768x1365.jpg 768w, https:\/\/www.auriac-lagast.ovh\/wp-content\/uploads\/2020\/08\/auriac-neige-864x1536.jpg 864w, https:\/\/www.auriac-lagast.ovh\/wp-content\/uploads\/2020\/08\/auriac-neige-1152x2048.jpg 1152w, https:\/\/www.auriac-lagast.ovh\/wp-content\/uploads\/2020\/08\/auriac-neige-1568x2788.jpg 1568w, https:\/\/www.auriac-lagast.ovh\/wp-content\/uploads\/2020\/08\/auriac-neige-scaled.jpg 1440w\" sizes=\"(max-width: 276px) 100vw, 276px\" \/><\/figure>\n\n\n<p><iframe loading=\"lazy\" id=\"widget_autocomplete_preview\" width=\"150\" height=\"300\" frameborder=\"0\" src=\"http:\/\/meteofrance.com\/widget\/prevision\/120150\"> <\/iframe><\/p>\n","protected":false},"excerpt":{"rendered":"<p>Un peu d&rsquo;histoire du village d&rsquo;Auriac-Lagast : Auriac-Lagast, est une commune fran\u00e7aise situ\u00e9e dans le d\u00e9partement de l\u2019Aveyron en r\u00e9gion Occitanie. Commune situ\u00e9e pr\u00e8s du Mont Lagast (928m) entre le L\u00e9vezou et le S\u00e9gala. Superficie de 3076 hectares , altitude 720 m. Jusqu\u2019au d\u00e9but du XXe si\u00e8cle; sur ces hautes terres schisteuses, froides et acides, &hellip; <\/p>\n<p class=\"link-more\"><a href=\"https:\/\/www.auriac-lagast.ovh\/\" class=\"more-link\">Continuer la lecture<span class=\"screen-reader-text\"> de &laquo;&nbsp;Association V\u00e9lo-Histoire et Tourisme autour d&rsquo;Auriac-Lagast&nbsp;&raquo;<\/span><\/a><\/p>\n","protected":false},"author":1,"featured_media":0,"parent":0,"menu_order":0,"comment_status":"closed","ping_status":"closed","template":"","meta":[],"yoast_head":"<!-- This site is optimized with the Yoast SEO plugin v20.12 - https:\/\/yoast.com\/wordpress\/plugins\/seo\/ -->\n<title>Association V\u00e9lo-Histoire et Tourisme autour d&#039;Auriac-Lagast - Association VELO-HISTOIRE-TOURISME<\/title>\n<meta name=\"description\" content=\"Circuits v\u00e9lo de route et VTT, circuits \u00e0 th\u00e8me autour de la commune d&#039;Auriac-Lagast, Aveyron.\" \/>\n<meta name=\"robots\" content=\"index, follow, max-snippet:-1, max-image-preview:large, max-video-preview:-1\" \/>\n<link rel=\"canonical\" href=\"https:\/\/www.auriac-lagast.ovh\/\" \/>\n<meta property=\"og:locale\" content=\"fr_FR\" \/>\n<meta property=\"og:type\" content=\"article\" \/>\n<meta property=\"og:title\" content=\"Association V\u00e9lo-Histoire et Tourisme autour d&#039;Auriac-Lagast - Association VELO-HISTOIRE-TOURISME\" \/>\n<meta property=\"og:description\" content=\"Circuits v\u00e9lo de route et VTT, circuits \u00e0 th\u00e8me autour de la commune d&#039;Auriac-Lagast, Aveyron.\" \/>\n<meta property=\"og:url\" content=\"https:\/\/www.auriac-lagast.ovh\/\" \/>\n<meta property=\"og:site_name\" content=\"Association VELO-HISTOIRE-TOURISME\" \/>\n<meta property=\"article:modified_time\" content=\"2023-08-04T17:19:29+00:00\" \/>\n<meta property=\"og:image\" content=\"http:\/\/www.auriac-lagast.ovh\/wp-content\/uploads\/2020\/08\/auriac-neige-576x1024.jpg\" \/>\n<meta name=\"twitter:card\" content=\"summary_large_image\" \/>\n<meta name=\"twitter:label1\" content=\"Dur\u00e9e de lecture estim\u00e9e\" \/>\n\t<meta name=\"twitter:data1\" content=\"2 minutes\" \/>\n<script type=\"application\/ld+json\" class=\"yoast-schema-graph\">{\"@context\":\"https:\/\/schema.org\",\"@graph\":[{\"@type\":\"WebPage\",\"@id\":\"https:\/\/www.auriac-lagast.ovh\/\",\"url\":\"https:\/\/www.auriac-lagast.ovh\/\",\"name\":\"Association V\u00e9lo-Histoire et Tourisme autour d'Auriac-Lagast - Association VELO-HISTOIRE-TOURISME\",\"isPartOf\":{\"@id\":\"https:\/\/www.auriac-lagast.ovh\/#website\"},\"datePublished\":\"2020-08-01T19:49:27+00:00\",\"dateModified\":\"2023-08-04T17:19:29+00:00\",\"description\":\"Circuits v\u00e9lo de route et VTT, circuits \u00e0 th\u00e8me autour de la commune d'Auriac-Lagast, Aveyron.\",\"breadcrumb\":{\"@id\":\"https:\/\/www.auriac-lagast.ovh\/#breadcrumb\"},\"inLanguage\":\"fr-FR\",\"potentialAction\":[{\"@type\":\"ReadAction\",\"target\":[\"https:\/\/www.auriac-lagast.ovh\/\"]}]},{\"@type\":\"BreadcrumbList\",\"@id\":\"https:\/\/www.auriac-lagast.ovh\/#breadcrumb\",\"itemListElement\":[{\"@type\":\"ListItem\",\"position\":1,\"name\":\"Accueil\",\"item\":\"https:\/\/www.auriac-lagast.ovh\/\"},{\"@type\":\"ListItem\",\"position\":2,\"name\":\"Association V\u00e9lo-Histoire et Tourisme autour d&rsquo;Auriac-Lagast\"}]},{\"@type\":\"WebSite\",\"@id\":\"https:\/\/www.auriac-lagast.ovh\/#website\",\"url\":\"https:\/\/www.auriac-lagast.ovh\/\",\"name\":\"Association VELO-HISTOIRE-TOURISME\",\"description\":\"Auriac Lagast\",\"potentialAction\":[{\"@type\":\"SearchAction\",\"target\":{\"@type\":\"EntryPoint\",\"urlTemplate\":\"https:\/\/www.auriac-lagast.ovh\/?s={search_term_string}\"},\"query-input\":\"required name=search_term_string\"}],\"inLanguage\":\"fr-FR\"}]}<\/script>\n<!-- \/ Yoast SEO plugin. -->","yoast_head_json":{"title":"Association V\u00e9lo-Histoire et Tourisme autour d'Auriac-Lagast - Association VELO-HISTOIRE-TOURISME","description":"Circuits v\u00e9lo de route et VTT, circuits \u00e0 th\u00e8me autour de la commune d'Auriac-Lagast, Aveyron.","robots":{"index":"index","follow":"follow","max-snippet":"max-snippet:-1","max-image-preview":"max-image-preview:large","max-video-preview":"max-video-preview:-1"},"canonical":"https:\/\/www.auriac-lagast.ovh\/","og_locale":"fr_FR","og_type":"article","og_title":"Association V\u00e9lo-Histoire et Tourisme autour d'Auriac-Lagast - Association VELO-HISTOIRE-TOURISME","og_description":"Circuits v\u00e9lo de route et VTT, circuits \u00e0 th\u00e8me autour de la commune d'Auriac-Lagast, Aveyron.","og_url":"https:\/\/www.auriac-lagast.ovh\/","og_site_name":"Association VELO-HISTOIRE-TOURISME","article_modified_time":"2023-08-04T17:19:29+00:00","og_image":[{"url":"http:\/\/www.auriac-lagast.ovh\/wp-content\/uploads\/2020\/08\/auriac-neige-576x1024.jpg"}],"twitter_card":"summary_large_image","twitter_misc":{"Dur\u00e9e de lecture estim\u00e9e":"2 minutes"},"schema":{"@context":"https:\/\/schema.org","@graph":[{"@type":"WebPage","@id":"https:\/\/www.auriac-lagast.ovh\/","url":"https:\/\/www.auriac-lagast.ovh\/","name":"Association V\u00e9lo-Histoire et Tourisme autour d'Auriac-Lagast - Association VELO-HISTOIRE-TOURISME","isPartOf":{"@id":"https:\/\/www.auriac-lagast.ovh\/#website"},"datePublished":"2020-08-01T19:49:27+00:00","dateModified":"2023-08-04T17:19:29+00:00","description":"Circuits v\u00e9lo de route et VTT, circuits \u00e0 th\u00e8me autour de la commune d'Auriac-Lagast, Aveyron.","breadcrumb":{"@id":"https:\/\/www.auriac-lagast.ovh\/#breadcrumb"},"inLanguage":"fr-FR","potentialAction":[{"@type":"ReadAction","target":["https:\/\/www.auriac-lagast.ovh\/"]}]},{"@type":"BreadcrumbList","@id":"https:\/\/www.auriac-lagast.ovh\/#breadcrumb","itemListElement":[{"@type":"ListItem","position":1,"name":"Accueil","item":"https:\/\/www.auriac-lagast.ovh\/"},{"@type":"ListItem","position":2,"name":"Association V\u00e9lo-Histoire et Tourisme autour d&rsquo;Auriac-Lagast"}]},{"@type":"WebSite","@id":"https:\/\/www.auriac-lagast.ovh\/#website","url":"https:\/\/www.auriac-lagast.ovh\/","name":"Association VELO-HISTOIRE-TOURISME","description":"Auriac Lagast","potentialAction":[{"@type":"SearchAction","target":{"@type":"EntryPoint","urlTemplate":"https:\/\/www.auriac-lagast.ovh\/?s={search_term_string}"},"query-input":"required name=search_term_string"}],"inLanguage":"fr-FR"}]}},"_links":{"self":[{"href":"https:\/\/www.auriac-lagast.ovh\/index.php?rest_route=\/wp\/v2\/pages\/82"}],"collection":[{"href":"https:\/\/www.auriac-lagast.ovh\/index.php?rest_route=\/wp\/v2\/pages"}],"about":[{"href":"https:\/\/www.auriac-lagast.ovh\/index.php?rest_route=\/wp\/v2\/types\/page"}],"author":[{"embeddable":true,"href":"https:\/\/www.auriac-lagast.ovh\/index.php?rest_route=\/wp\/v2\/users\/1"}],"replies":[{"embeddable":true,"href":"https:\/\/www.auriac-lagast.ovh\/index.php?rest_route=%2Fwp%2Fv2%2Fcomments&post=82"}],"version-history":[{"count":8,"href":"https:\/\/www.auriac-lagast.ovh\/index.php?rest_route=\/wp\/v2\/pages\/82\/revisions"}],"predecessor-version":[{"id":459,"href":"https:\/\/www.auriac-lagast.ovh\/index.php?rest_route=\/wp\/v2\/pages\/82\/revisions\/459"}],"wp:attachment":[{"href":"https:\/\/www.auriac-lagast.ovh\/index.php?rest_route=%2Fwp%2Fv2%2Fmedia&parent=82"}],"curies":[{"name":"wp","href":"https:\/\/api.w.org\/{rel}","templated":true}]}}