{"id":67,"date":"2020-08-01T21:30:22","date_gmt":"2020-08-01T19:30:22","guid":{"rendered":"http:\/\/www.auriac-lagast.ovh\/?page_id=67"},"modified":"2023-07-25T22:52:42","modified_gmt":"2023-07-25T20:52:42","slug":"vie-associative","status":"publish","type":"page","link":"https:\/\/www.auriac-lagast.ovh\/?page_id=67","title":{"rendered":"Circuits VTT"},"content":{"rendered":"\n<ul>\n<li><a href=\"https:\/\/www.auriac-lagast.ovh\/?page_id=312\" data-type=\"page\" data-id=\"312\">Auriac-  Fournols &#8211; Garrissous &#8211;  Le Favaldou &#8211; La  Bernadie , La Selve &#8211; Begon &#8211; La bruy\u00e8re haute &#8211; Auriac-Lagast<\/a>,   2h,   28,8 km. Parcours difficile. <\/li>\n\n\n\n<li> <a href=\"https:\/\/www.auriac-lagast.ovh\/?page_id=317\" data-type=\"page\" data-id=\"317\">Auriac &#8211; Ginestous &#8211; BonneGuide &#8211; Caplongue &#8211; Montginoux &#8211; Vabre &#8211; Bres &#8211; Peyrelevade  &#8211; Mergabes &#8211; Randan, Auriac,<\/a> 2 heures,   31,6 km, difficile.<\/li>\n\n\n\n<li><a href=\"https:\/\/www.auriac-lagast.ovh\/?page_id=348\" data-type=\"page\" data-id=\"348\">Auriac &#8211; Laborie Blanque &#8211; Bres &#8211; Espinouset &#8211; Castanies &#8211; La Capelle Farcel &#8211; Nazareth &#8211; La foret du Lagast (Circuit de la h\u00e9traie) &#8211;  La Griffoulette &#8211; Ginestous &#8211; Auriac<\/a>, 1h17, 20,4 km, Difficult\u00e9 moyenne. <\/li>\n\n\n\n<li><a href=\"https:\/\/www.auriac-lagast.ovh\/?page_id=354\" data-type=\"page\" data-id=\"354\">Auriac &#8211; Le Roube &#8211; Espinouset &#8211; Castani\u00e8s &#8211; Le Pouget &#8211; Puech Grimal &#8211; Espinous &#8211; Auriac (par le Roube),<\/a> 1h10, 19 km, Difficult\u00e9 moyenne.<\/li>\n\n\n\n<li><a href=\"https:\/\/www.auriac-lagast.ovh\/?page_id=363\" data-type=\"page\" data-id=\"363\">Auriac &#8211; Le Moulin de la Garde &#8211; La Cailholie &#8211; La Garriguie &#8211; Begon &#8211; La bruy\u00e8re haute &#8211; Auriac<\/a>,  1h26, 20,7 km. Difficult\u00e9 moyenne.<\/li>\n\n\n\n<li><a href=\"https:\/\/www.auriac-lagast.ovh\/?page_id=411\">Auriac &#8211; La Selve &#8211; Montautat &#8211; Reycabrot &#8211; Rullac &#8211; Begon &#8211; La Bruy\u00e8re haute &#8211; Auriac<\/a>, 34 km. Difficult\u00e9 moyenne.<\/li>\n\n\n\n<li><a href=\"https:\/\/www.auriac-lagast.ovh\/?page_id=441\">Auriac &#8211; Villefranche-de-Panat &#8211; Peyrebrune &#8211; Mas Viala &#8211; Auriac<\/a>, 40 km.<\/li>\n\n\n\n<li><a href=\"https:\/\/www.auriac-lagast.ovh\/?page_id=429\">Auriac &#8211; Durenque &#8211; Montm\u00e9ja &#8211; Durenque &#8211; Auriac<\/a>, 29 km.<\/li>\n\n\n\n<li><a href=\"https:\/\/www.auriac-lagast.ovh\/?page_id=448\">Montm\u00e9ja &#8211; L&rsquo;H\u00f4pital Bellegarde &#8211; Montm\u00e9ja<\/a>, 26 km.<\/li>\n<\/ul>\n","protected":false},"excerpt":{"rendered":"","protected":false},"author":1,"featured_media":0,"parent":0,"menu_order":0,"comment_status":"closed","ping_status":"closed","template":"","meta":[],"yoast_head":"<!-- This site is optimized with the Yoast SEO plugin v20.12 - https:\/\/yoast.com\/wordpress\/plugins\/seo\/ -->\n<title>Circuits VTT - Association VELO-HISTOIRE-TOURISME<\/title>\n<meta name=\"robots\" content=\"index, follow, max-snippet:-1, max-image-preview:large, max-video-preview:-1\" \/>\n<link rel=\"canonical\" href=\"https:\/\/www.auriac-lagast.ovh\/?page_id=67\" \/>\n<meta property=\"og:locale\" content=\"fr_FR\" \/>\n<meta property=\"og:type\" content=\"article\" \/>\n<meta property=\"og:title\" content=\"Circuits VTT - Association VELO-HISTOIRE-TOURISME\" \/>\n<meta property=\"og:url\" content=\"https:\/\/www.auriac-lagast.ovh\/?page_id=67\" \/>\n<meta property=\"og:site_name\" content=\"Association VELO-HISTOIRE-TOURISME\" \/>\n<meta property=\"article:modified_time\" content=\"2023-07-25T20:52:42+00:00\" \/>\n<meta name=\"twitter:card\" content=\"summary_large_image\" \/>\n<meta name=\"twitter:label1\" content=\"Dur\u00e9e de lecture estim\u00e9e\" \/>\n\t<meta name=\"twitter:data1\" content=\"1 minute\" \/>\n<script type=\"application\/ld+json\" class=\"yoast-schema-graph\">{\"@context\":\"https:\/\/schema.org\",\"@graph\":[{\"@type\":\"WebPage\",\"@id\":\"https:\/\/www.auriac-lagast.ovh\/?page_id=67\",\"url\":\"https:\/\/www.auriac-lagast.ovh\/?page_id=67\",\"name\":\"Circuits VTT - Association VELO-HISTOIRE-TOURISME\",\"isPartOf\":{\"@id\":\"https:\/\/www.auriac-lagast.ovh\/#website\"},\"datePublished\":\"2020-08-01T19:30:22+00:00\",\"dateModified\":\"2023-07-25T20:52:42+00:00\",\"breadcrumb\":{\"@id\":\"https:\/\/www.auriac-lagast.ovh\/?page_id=67#breadcrumb\"},\"inLanguage\":\"fr-FR\",\"potentialAction\":[{\"@type\":\"ReadAction\",\"target\":[\"https:\/\/www.auriac-lagast.ovh\/?page_id=67\"]}]},{\"@type\":\"BreadcrumbList\",\"@id\":\"https:\/\/www.auriac-lagast.ovh\/?page_id=67#breadcrumb\",\"itemListElement\":[{\"@type\":\"ListItem\",\"position\":1,\"name\":\"Accueil\",\"item\":\"https:\/\/www.auriac-lagast.ovh\/\"},{\"@type\":\"ListItem\",\"position\":2,\"name\":\"Circuits VTT\"}]},{\"@type\":\"WebSite\",\"@id\":\"https:\/\/www.auriac-lagast.ovh\/#website\",\"url\":\"https:\/\/www.auriac-lagast.ovh\/\",\"name\":\"Association VELO-HISTOIRE-TOURISME\",\"description\":\"Auriac Lagast\",\"potentialAction\":[{\"@type\":\"SearchAction\",\"target\":{\"@type\":\"EntryPoint\",\"urlTemplate\":\"https:\/\/www.auriac-lagast.ovh\/?s={search_term_string}\"},\"query-input\":\"required name=search_term_string\"}],\"inLanguage\":\"fr-FR\"}]}<\/script>\n<!-- \/ Yoast SEO plugin. -->","yoast_head_json":{"title":"Circuits VTT - Association VELO-HISTOIRE-TOURISME","robots":{"index":"index","follow":"follow","max-snippet":"max-snippet:-1","max-image-preview":"max-image-preview:large","max-video-preview":"max-video-preview:-1"},"canonical":"https:\/\/www.auriac-lagast.ovh\/?page_id=67","og_locale":"fr_FR","og_type":"article","og_title":"Circuits VTT - Association VELO-HISTOIRE-TOURISME","og_url":"https:\/\/www.auriac-lagast.ovh\/?page_id=67","og_site_name":"Association VELO-HISTOIRE-TOURISME","article_modified_time":"2023-07-25T20:52:42+00:00","twitter_card":"summary_large_image","twitter_misc":{"Dur\u00e9e de lecture estim\u00e9e":"1 minute"},"schema":{"@context":"https:\/\/schema.org","@graph":[{"@type":"WebPage","@id":"https:\/\/www.auriac-lagast.ovh\/?page_id=67","url":"https:\/\/www.auriac-lagast.ovh\/?page_id=67","name":"Circuits VTT - Association VELO-HISTOIRE-TOURISME","isPartOf":{"@id":"https:\/\/www.auriac-lagast.ovh\/#website"},"datePublished":"2020-08-01T19:30:22+00:00","dateModified":"2023-07-25T20:52:42+00:00","breadcrumb":{"@id":"https:\/\/www.auriac-lagast.ovh\/?page_id=67#breadcrumb"},"inLanguage":"fr-FR","potentialAction":[{"@type":"ReadAction","target":["https:\/\/www.auriac-lagast.ovh\/?page_id=67"]}]},{"@type":"BreadcrumbList","@id":"https:\/\/www.auriac-lagast.ovh\/?page_id=67#breadcrumb","itemListElement":[{"@type":"ListItem","position":1,"name":"Accueil","item":"https:\/\/www.auriac-lagast.ovh\/"},{"@type":"ListItem","position":2,"name":"Circuits VTT"}]},{"@type":"WebSite","@id":"https:\/\/www.auriac-lagast.ovh\/#website","url":"https:\/\/www.auriac-lagast.ovh\/","name":"Association VELO-HISTOIRE-TOURISME","description":"Auriac Lagast","potentialAction":[{"@type":"SearchAction","target":{"@type":"EntryPoint","urlTemplate":"https:\/\/www.auriac-lagast.ovh\/?s={search_term_string}"},"query-input":"required name=search_term_string"}],"inLanguage":"fr-FR"}]}},"_links":{"self":[{"href":"https:\/\/www.auriac-lagast.ovh\/index.php?rest_route=\/wp\/v2\/pages\/67"}],"collection":[{"href":"https:\/\/www.auriac-lagast.ovh\/index.php?rest_route=\/wp\/v2\/pages"}],"about":[{"href":"https:\/\/www.auriac-lagast.ovh\/index.php?rest_route=\/wp\/v2\/types\/page"}],"author":[{"embeddable":true,"href":"https:\/\/www.auriac-lagast.ovh\/index.php?rest_route=\/wp\/v2\/users\/1"}],"replies":[{"embeddable":true,"href":"https:\/\/www.auriac-lagast.ovh\/index.php?rest_route=%2Fwp%2Fv2%2Fcomments&post=67"}],"version-history":[{"count":36,"href":"https:\/\/www.auriac-lagast.ovh\/index.php?rest_route=\/wp\/v2\/pages\/67\/revisions"}],"predecessor-version":[{"id":452,"href":"https:\/\/www.auriac-lagast.ovh\/index.php?rest_route=\/wp\/v2\/pages\/67\/revisions\/452"}],"wp:attachment":[{"href":"https:\/\/www.auriac-lagast.ovh\/index.php?rest_route=%2Fwp%2Fv2%2Fmedia&parent=67"}],"curies":[{"name":"wp","href":"https:\/\/api.w.org\/{rel}","templated":true}]}}