{"id":492,"date":"2025-08-10T16:18:25","date_gmt":"2025-08-10T14:18:25","guid":{"rendered":"https:\/\/www.auriac-lagast.ovh\/?page_id=492"},"modified":"2025-08-10T16:18:25","modified_gmt":"2025-08-10T14:18:25","slug":"compte-rendu-de-lag-du-10-aout-2025","status":"publish","type":"page","link":"https:\/\/www.auriac-lagast.ovh\/?page_id=492","title":{"rendered":"Compte Rendu de l&rsquo;AG du 10 Aout 2025"},"content":{"rendered":"\n<p><strong>COMPTE RENDU de l\u2019Assembl\u00e9e G\u00e9n\u00e9rale de l\u2019Association V\u00e9lo-Histoire-Tourisme autour d\u2019Auriac-Lagast (VHTA) (12 120 Auriac-Lagast)<\/strong><\/p>\n\n\n\n<p><strong><em>Objet&nbsp;<\/em><\/strong>:&nbsp; R\u00e9union Assembl\u00e9e g\u00e9n\u00e9rale de l\u2019association V\u00e9lo-Histoire-Tourisme autour d\u2019Auriac-Lagast le 10 Aout 2025.<\/p>\n\n\n\n<p><strong><em>Pr\u00e9sents<\/em><\/strong>&nbsp;:<\/p>\n\n\n\n<p>Genevieve Nouyrigat, Pierre Daniel<\/p>\n\n\n\n<ol type=\"A\">\n<li>Ouverture de l\u2019AG<\/li>\n\n\n\n<li>Lecture et approbation de l\u2019AG pr\u00e9c\u00e9dente<\/li>\n\n\n\n<li>Rapport d\u2019activit\u00e9<\/li>\n\n\n\n<li>Bilan financier<\/li>\n\n\n\n<li>Projets et objectifs<\/li>\n\n\n\n<li>Election du nouveau bureau<\/li>\n\n\n\n<li>Questions diverses<\/li>\n\n\n\n<li>Cl\u00f4ture<\/li>\n<\/ol>\n\n\n\n<ol type=\"A\">\n<li>La s\u00e9ance d\u00e9bute \u00e0 15h le 10\/08\/2025 en pr\u00e9sence de 2 personnes faisant du v\u00e9lo VTT et VTC, du v\u00e9lo de route.&nbsp;<\/li>\n<\/ol>\n\n\n\n<p>&nbsp;&nbsp;&nbsp;&nbsp;&nbsp;&nbsp;&nbsp;&nbsp;&nbsp;&nbsp;&nbsp;&nbsp;&nbsp; La pr\u00e9sidente de l\u2019association Genevi\u00e8ve Nouyrigat en qualit\u00e9 de secr\u00e9taire de s\u00e9ance et Pierre Daniel en qualit\u00e9 de pr\u00e9sident de s\u00e9ance.<\/p>\n\n\n\n<ul>\n<li>Apr\u00e8s lecture, Le compte rendu de l\u2019AG a \u00e9t\u00e9 approuv\u00e9 \u00e0 l\u2019unanimit\u00e9 par l\u2019ensemble des adh\u00e9rents.<\/li>\n<\/ul>\n\n\n\n<ul>\n<li>Le pr\u00e9sident fait le compte rendu du <strong>rapport d\u2019activit\u00e9<\/strong> pour l\u2019ann\u00e9e \u00e9coul\u00e9e.<\/li>\n\n\n\n<li>Le site internet a \u00e9t\u00e9 compl\u00e9t\u00e9 : <a href=\"http:\/\/www.auriac-lagast.ovh\">www.auriac-lagast.ovh<\/a> avec adresse de contact <a href=\"mailto:velo@auriac-lagast.ovh\">velo@auriac-lagast.ovh<\/a>.<\/li>\n\n\n\n<li>Plusieurs sorties ont \u00e9t\u00e9 r\u00e9alis\u00e9es pendant l\u2019ann\u00e9e scolaire 2024-2025 avec les adolescents de la commune. Voir les liens des 4 ballades avec Adolescents&nbsp;<\/li>\n<\/ul>\n\n\n\n<p>Circuits V\u00e9lo&nbsp;:<\/p>\n\n\n\n<ol type=\"1\">\n<li>Circuite le 15 septembre 2024: &nbsp;Auriac, Villefranche de Panat, Auriac, 32km.<\/li>\n\n\n\n<li>Circuit pour la f\u00eate du Village, f\u00eate de la Loue&nbsp;: 2h- 18 km, le 9 juin 2025. Circuit&nbsp;: Auriac, Espinouset, Castani\u00e9,&nbsp; For\u00eat du Lagast, Le bois du Rouzet, Auriac<\/li>\n\n\n\n<li>Circuit le 09 Aout 2025, Auriac, La Selve, Rulhac, Cassagnes, Auriac , 34km<\/li>\n\n\n\n<li>Vente du jeu de cartes, \u00ab&nbsp;Le Lagast&nbsp;\u00bb avec une nouvelle carte sur le mus\u00e9e du Charroi. Vente &nbsp;10\u20ac le jeu&nbsp;: <a href=\"https:\/\/www.auriac-lagast.fr\/jeu-de-societe-lagast-moi\/\">https:\/\/www.auriac-lagast.fr\/jeu-de-societe-lagast-moi\/<\/a><\/li>\n<\/ol>\n\n\n\n<ul>\n<li><strong>Bilan financier<\/strong>&nbsp;: 2025<\/li>\n<\/ul>\n\n\n\n<p><strong>D\u00e9pense&nbsp;<\/strong>:<\/p>\n\n\n\n<p>Facture 250 \u20ac r\u00e9paration v\u00e9lo<\/p>\n\n\n\n<p><strong>Total&nbsp; d\u00e9pense : &nbsp;&nbsp;&nbsp;&nbsp;&nbsp;&nbsp;&nbsp;250 &nbsp;\u20ac<\/strong><\/p>\n\n\n\n<p><strong>Recette&nbsp;: &nbsp;<\/strong>CA&nbsp;: 30 \u20ac vente de jeu de cartes Le Lagast<\/p>\n\n\n\n<p><strong>Ressource<\/strong><strong>&nbsp;<\/strong>: &nbsp;Adh\u00e9sions&nbsp;:&nbsp;&nbsp;&nbsp;&nbsp;&nbsp;&nbsp; 10 \u20ac *3 adh\u00e9rents = 30 \u20ac<\/p>\n\n\n\n<p>&nbsp;&nbsp;&nbsp;&nbsp;&nbsp;&nbsp;&nbsp;&nbsp;&nbsp;&nbsp;&nbsp;&nbsp;&nbsp;&nbsp;&nbsp;&nbsp;&nbsp;&nbsp;&nbsp;&nbsp;&nbsp;&nbsp; Don personnel 2025&nbsp;&nbsp;&nbsp;&nbsp;&nbsp;&nbsp;&nbsp;&nbsp;&nbsp; 199,9\u20ac TTC<\/p>\n\n\n\n<p>&nbsp;&nbsp;&nbsp;&nbsp;&nbsp;&nbsp;&nbsp;&nbsp;&nbsp;&nbsp;&nbsp;&nbsp;&nbsp;&nbsp;&nbsp;&nbsp;&nbsp;&nbsp;&nbsp;&nbsp;&nbsp;&nbsp; CA&nbsp;:&nbsp;&nbsp;&nbsp;&nbsp;&nbsp;&nbsp;&nbsp;&nbsp;&nbsp;&nbsp;&nbsp;&nbsp;&nbsp;&nbsp;&nbsp;&nbsp;&nbsp;&nbsp;&nbsp;&nbsp;&nbsp;&nbsp;&nbsp;&nbsp;&nbsp;&nbsp;&nbsp;&nbsp; 30\u20ac + 30\u20ac adherents =&nbsp; 60\u20ac&nbsp;&nbsp;&nbsp;&nbsp;&nbsp;&nbsp;&nbsp;&nbsp;&nbsp;&nbsp;&nbsp;&nbsp;&nbsp;&nbsp;&nbsp;<\/p>\n\n\n\n<p>&nbsp;D\u00e9pense compl\u00e9mentaire&nbsp;:&nbsp;&nbsp;&nbsp;&nbsp;&nbsp;&nbsp;&nbsp;&nbsp;<\/p>\n\n\n\n<p>Co\u00fbt&nbsp;: H\u00e9bergement du site&nbsp;: &nbsp;&nbsp;&nbsp;&nbsp;&nbsp;&nbsp;&nbsp;&nbsp;&nbsp;&nbsp;&nbsp;&nbsp;&nbsp;6,31 \u20ac le site (sachant 31,54\u20ac TTC les 5 sites)<\/p>\n\n\n\n<p>&nbsp;&nbsp;&nbsp;&nbsp;&nbsp;&nbsp;&nbsp;&nbsp;&nbsp;&nbsp; Nom de domaine&nbsp;&nbsp;&nbsp;&nbsp;&nbsp;&nbsp;&nbsp; = &nbsp;&nbsp;&nbsp;&nbsp;&nbsp;&nbsp;&nbsp;&nbsp;&nbsp;&nbsp;&nbsp;&nbsp;3,59 \u20ac TTC<\/p>\n\n\n\n<p>&nbsp;&nbsp;&nbsp;&nbsp;&nbsp;&nbsp;&nbsp;&nbsp;&nbsp; <strong>Total d\u00e9pense<\/strong>&nbsp;&nbsp;&nbsp;&nbsp;&nbsp;&nbsp;&nbsp;&nbsp;&nbsp;&nbsp;&nbsp;&nbsp;&nbsp;&nbsp;&nbsp;&nbsp; =&nbsp;&nbsp;&nbsp;&nbsp;&nbsp;&nbsp;&nbsp;&nbsp;&nbsp; <strong>250 \u20ac +6,31 +3,59 = 259,9\u20ac<\/strong><\/p>\n\n\n\n<p>&nbsp;&nbsp;&nbsp;&nbsp;&nbsp;&nbsp;&nbsp;&nbsp;&nbsp;&nbsp;&nbsp;&nbsp;&nbsp;&nbsp; Total d\u00e9pense &nbsp;2025&nbsp;&nbsp;&nbsp;&nbsp;&nbsp;&nbsp;&nbsp; =&nbsp;&nbsp;&nbsp;&nbsp;&nbsp;&nbsp; &nbsp;&nbsp;&nbsp;&nbsp;&nbsp;&nbsp;&nbsp;&nbsp;259,9\u20ac<strong><\/strong><\/p>\n\n\n\n<p>&nbsp;&nbsp;&nbsp;&nbsp;&nbsp;&nbsp;&nbsp;&nbsp;&nbsp;&nbsp;&nbsp;&nbsp;&nbsp;&nbsp; Total recette&nbsp;&nbsp;&nbsp; 2025&nbsp;&nbsp;&nbsp; &nbsp;&nbsp;&nbsp;&nbsp;=&nbsp;&nbsp;&nbsp;&nbsp;&nbsp;&nbsp;&nbsp;&nbsp;&nbsp;&nbsp;&nbsp; &nbsp;&nbsp;&nbsp;&nbsp;&nbsp;&nbsp;60 \u20ac<strong><\/strong><\/p>\n\n\n\n<p><strong>&nbsp;&nbsp;&nbsp;&nbsp;&nbsp;&nbsp;&nbsp;&nbsp;&nbsp;&nbsp;&nbsp;&nbsp;&nbsp;&nbsp;&nbsp; <\/strong>Don personnel 2025&nbsp;&nbsp; &nbsp;&nbsp;&nbsp;&nbsp;=&nbsp;&nbsp;&nbsp;&nbsp;&nbsp;&nbsp;&nbsp;&nbsp;&nbsp;&nbsp; &nbsp;&nbsp;&nbsp;&nbsp;&nbsp;199,9\u20ac<\/p>\n\n\n\n<p>&nbsp;&nbsp;&nbsp;&nbsp;&nbsp;&nbsp;&nbsp;&nbsp;&nbsp;&nbsp;&nbsp;&nbsp;&nbsp; Solde de tr\u00e9sorerie 2025&nbsp; =&nbsp;&nbsp;&nbsp;&nbsp;&nbsp;&nbsp;&nbsp;&nbsp;&nbsp;&nbsp;&nbsp;&nbsp;&nbsp;&nbsp;&nbsp;&nbsp; 0&nbsp;&nbsp;&nbsp;<\/p>\n\n\n\n<p><strong>&nbsp;&nbsp;&nbsp;&nbsp;&nbsp;&nbsp;&nbsp;&nbsp;&nbsp;&nbsp;&nbsp;&nbsp; &nbsp;&nbsp;&nbsp;Don personnel&nbsp;:&nbsp; 2023+2024&nbsp;:&nbsp;&nbsp;&nbsp; &nbsp;&nbsp;&nbsp;&nbsp;<\/strong><strong>394,85\u20ac+346,42\u20ac=741,27\u20ac<\/strong><\/p>\n\n\n\n<ul>\n<li><strong>Projets et objectifs<\/strong><\/li>\n<\/ul>\n\n\n\n<p>Plusieurs propositions&nbsp;:<\/p>\n\n\n\n<ul>\n<li>Organiser pour la 2eme ann\u00e9e un circuit VTT lors de la f\u00eate du village (p\u00e9rennit\u00e9)<\/li>\n\n\n\n<li>D\u00e9velopper les circuits \u00e0 th\u00e8me pour v\u00e9los VTT-VTC.<\/li>\n\n\n\n<li>Continuer le VTT pour les adolescents&nbsp; par des sorties de 2 \u00e0 3h.<\/li>\n\n\n\n<li>Poursuite de partenariats avec des associations int\u00e9ress\u00e9es par l\u2019activit\u00e9 V\u00e9lo-Tourisme-Histoire<\/li>\n\n\n\n<li><strong><em>Election du nouveau bureau&nbsp;:<\/em><\/strong><\/li>\n\n\n\n<li>Le bureau sortant a propos\u00e9 de se repr\u00e9senter et a \u00e9t\u00e9 \u00e9lu \u00e0 l\u2019unanimit\u00e9. &nbsp;<\/li>\n\n\n\n<li>Pr\u00e9sidente&nbsp;: Madame&nbsp;NOUYRIGAT Genevieve. La pr\u00e9sidente cumule les fonctions de pr\u00e9sidente et de secr\u00e9taire.<\/li>\n\n\n\n<li>Tr\u00e9sorier&nbsp;: Monsieur DANIEL Pierre.<\/li>\n\n\n\n<li><strong>Questions diverses.<\/strong><\/li>\n<\/ul>\n\n\n\n<p>Pas de question.<\/p>\n\n\n\n<ul>\n<li>La s\u00e9ance se termine vers 16h, par le pot de l\u2019amiti\u00e9.<\/li>\n<\/ul>\n\n\n\n<p>&nbsp;&nbsp;&nbsp;&nbsp;&nbsp;&nbsp;&nbsp;&nbsp;&nbsp;&nbsp;&nbsp;&nbsp;&nbsp;&nbsp;&nbsp;&nbsp;&nbsp;&nbsp;&nbsp;&nbsp;&nbsp;&nbsp;&nbsp;&nbsp;&nbsp;&nbsp;&nbsp;&nbsp;&nbsp;&nbsp;&nbsp;&nbsp;&nbsp;&nbsp;&nbsp;&nbsp;&nbsp;&nbsp;&nbsp;&nbsp;&nbsp;&nbsp;&nbsp;&nbsp;&nbsp;&nbsp;&nbsp;&nbsp;&nbsp;&nbsp;&nbsp;&nbsp;&nbsp;&nbsp;&nbsp;&nbsp;&nbsp;&nbsp;&nbsp;&nbsp;&nbsp;&nbsp;&nbsp;&nbsp;&nbsp;&nbsp;&nbsp;&nbsp;&nbsp;&nbsp;&nbsp;&nbsp;&nbsp;&nbsp;&nbsp;&nbsp;&nbsp;&nbsp;&nbsp;&nbsp;&nbsp;&nbsp;&nbsp;&nbsp; &nbsp;&nbsp;&nbsp;&nbsp;&nbsp;&nbsp;&nbsp;&nbsp;&nbsp;&nbsp;&nbsp;&nbsp;&nbsp; A Auriac-Lagast, le 10 ao\u00fbt 2025<\/p>\n","protected":false},"excerpt":{"rendered":"<p>COMPTE RENDU de l\u2019Assembl\u00e9e G\u00e9n\u00e9rale de l\u2019Association V\u00e9lo-Histoire-Tourisme autour d\u2019Auriac-Lagast (VHTA) (12 120 Auriac-Lagast) Objet&nbsp;:&nbsp; R\u00e9union Assembl\u00e9e g\u00e9n\u00e9rale de l\u2019association V\u00e9lo-Histoire-Tourisme autour d\u2019Auriac-Lagast le 10 Aout 2025. Pr\u00e9sents&nbsp;: Genevieve Nouyrigat, Pierre Daniel &nbsp;&nbsp;&nbsp;&nbsp;&nbsp;&nbsp;&nbsp;&nbsp;&nbsp;&nbsp;&nbsp;&nbsp;&nbsp; La pr\u00e9sidente de l\u2019association Genevi\u00e8ve Nouyrigat en qualit\u00e9 de secr\u00e9taire de s\u00e9ance et Pierre Daniel en qualit\u00e9 de pr\u00e9sident de s\u00e9ance. Circuits &hellip; <\/p>\n<p class=\"link-more\"><a href=\"https:\/\/www.auriac-lagast.ovh\/?page_id=492\" class=\"more-link\">Continuer la lecture<span class=\"screen-reader-text\"> de &laquo;&nbsp;Compte Rendu de l&rsquo;AG du 10 Aout 2025&nbsp;&raquo;<\/span><\/a><\/p>\n","protected":false},"author":1,"featured_media":0,"parent":0,"menu_order":0,"comment_status":"closed","ping_status":"closed","template":"","meta":[],"yoast_head":"<!-- This site is optimized with the Yoast SEO plugin v20.12 - https:\/\/yoast.com\/wordpress\/plugins\/seo\/ -->\n<title>Compte Rendu de l&#039;AG du 10 Aout 2025 - Association VELO-HISTOIRE-TOURISME<\/title>\n<meta name=\"robots\" content=\"index, follow, max-snippet:-1, max-image-preview:large, max-video-preview:-1\" \/>\n<link rel=\"canonical\" href=\"https:\/\/www.auriac-lagast.ovh\/?page_id=492\" \/>\n<meta property=\"og:locale\" content=\"fr_FR\" \/>\n<meta property=\"og:type\" content=\"article\" \/>\n<meta property=\"og:title\" content=\"Compte Rendu de l&#039;AG du 10 Aout 2025 - Association VELO-HISTOIRE-TOURISME\" \/>\n<meta property=\"og:description\" content=\"COMPTE RENDU de l\u2019Assembl\u00e9e G\u00e9n\u00e9rale de l\u2019Association V\u00e9lo-Histoire-Tourisme autour d\u2019Auriac-Lagast (VHTA) (12 120 Auriac-Lagast) Objet&nbsp;:&nbsp; R\u00e9union Assembl\u00e9e g\u00e9n\u00e9rale de l\u2019association V\u00e9lo-Histoire-Tourisme autour d\u2019Auriac-Lagast le 10 Aout 2025. Pr\u00e9sents&nbsp;: Genevieve Nouyrigat, Pierre Daniel &nbsp;&nbsp;&nbsp;&nbsp;&nbsp;&nbsp;&nbsp;&nbsp;&nbsp;&nbsp;&nbsp;&nbsp;&nbsp; La pr\u00e9sidente de l\u2019association Genevi\u00e8ve Nouyrigat en qualit\u00e9 de secr\u00e9taire de s\u00e9ance et Pierre Daniel en qualit\u00e9 de pr\u00e9sident de s\u00e9ance. Circuits &hellip; Continuer la lecture de &laquo;&nbsp;Compte Rendu de l&rsquo;AG du 10 Aout 2025&nbsp;&raquo;\" \/>\n<meta property=\"og:url\" content=\"https:\/\/www.auriac-lagast.ovh\/?page_id=492\" \/>\n<meta property=\"og:site_name\" content=\"Association VELO-HISTOIRE-TOURISME\" \/>\n<meta name=\"twitter:card\" content=\"summary_large_image\" \/>\n<meta name=\"twitter:label1\" content=\"Dur\u00e9e de lecture estim\u00e9e\" \/>\n\t<meta name=\"twitter:data1\" content=\"3 minutes\" \/>\n<script type=\"application\/ld+json\" class=\"yoast-schema-graph\">{\"@context\":\"https:\/\/schema.org\",\"@graph\":[{\"@type\":\"WebPage\",\"@id\":\"https:\/\/www.auriac-lagast.ovh\/?page_id=492\",\"url\":\"https:\/\/www.auriac-lagast.ovh\/?page_id=492\",\"name\":\"Compte Rendu de l'AG du 10 Aout 2025 - Association VELO-HISTOIRE-TOURISME\",\"isPartOf\":{\"@id\":\"https:\/\/www.auriac-lagast.ovh\/#website\"},\"datePublished\":\"2025-08-10T14:18:25+00:00\",\"dateModified\":\"2025-08-10T14:18:25+00:00\",\"breadcrumb\":{\"@id\":\"https:\/\/www.auriac-lagast.ovh\/?page_id=492#breadcrumb\"},\"inLanguage\":\"fr-FR\",\"potentialAction\":[{\"@type\":\"ReadAction\",\"target\":[\"https:\/\/www.auriac-lagast.ovh\/?page_id=492\"]}]},{\"@type\":\"BreadcrumbList\",\"@id\":\"https:\/\/www.auriac-lagast.ovh\/?page_id=492#breadcrumb\",\"itemListElement\":[{\"@type\":\"ListItem\",\"position\":1,\"name\":\"Accueil\",\"item\":\"https:\/\/www.auriac-lagast.ovh\/\"},{\"@type\":\"ListItem\",\"position\":2,\"name\":\"Compte Rendu de l&rsquo;AG du 10 Aout 2025\"}]},{\"@type\":\"WebSite\",\"@id\":\"https:\/\/www.auriac-lagast.ovh\/#website\",\"url\":\"https:\/\/www.auriac-lagast.ovh\/\",\"name\":\"Association VELO-HISTOIRE-TOURISME\",\"description\":\"Auriac Lagast\",\"potentialAction\":[{\"@type\":\"SearchAction\",\"target\":{\"@type\":\"EntryPoint\",\"urlTemplate\":\"https:\/\/www.auriac-lagast.ovh\/?s={search_term_string}\"},\"query-input\":\"required name=search_term_string\"}],\"inLanguage\":\"fr-FR\"}]}<\/script>\n<!-- \/ Yoast SEO plugin. -->","yoast_head_json":{"title":"Compte Rendu de l'AG du 10 Aout 2025 - Association VELO-HISTOIRE-TOURISME","robots":{"index":"index","follow":"follow","max-snippet":"max-snippet:-1","max-image-preview":"max-image-preview:large","max-video-preview":"max-video-preview:-1"},"canonical":"https:\/\/www.auriac-lagast.ovh\/?page_id=492","og_locale":"fr_FR","og_type":"article","og_title":"Compte Rendu de l'AG du 10 Aout 2025 - Association VELO-HISTOIRE-TOURISME","og_description":"COMPTE RENDU de l\u2019Assembl\u00e9e G\u00e9n\u00e9rale de l\u2019Association V\u00e9lo-Histoire-Tourisme autour d\u2019Auriac-Lagast (VHTA) (12 120 Auriac-Lagast) Objet&nbsp;:&nbsp; R\u00e9union Assembl\u00e9e g\u00e9n\u00e9rale de l\u2019association V\u00e9lo-Histoire-Tourisme autour d\u2019Auriac-Lagast le 10 Aout 2025. Pr\u00e9sents&nbsp;: Genevieve Nouyrigat, Pierre Daniel &nbsp;&nbsp;&nbsp;&nbsp;&nbsp;&nbsp;&nbsp;&nbsp;&nbsp;&nbsp;&nbsp;&nbsp;&nbsp; La pr\u00e9sidente de l\u2019association Genevi\u00e8ve Nouyrigat en qualit\u00e9 de secr\u00e9taire de s\u00e9ance et Pierre Daniel en qualit\u00e9 de pr\u00e9sident de s\u00e9ance. Circuits &hellip; Continuer la lecture de &laquo;&nbsp;Compte Rendu de l&rsquo;AG du 10 Aout 2025&nbsp;&raquo;","og_url":"https:\/\/www.auriac-lagast.ovh\/?page_id=492","og_site_name":"Association VELO-HISTOIRE-TOURISME","twitter_card":"summary_large_image","twitter_misc":{"Dur\u00e9e de lecture estim\u00e9e":"3 minutes"},"schema":{"@context":"https:\/\/schema.org","@graph":[{"@type":"WebPage","@id":"https:\/\/www.auriac-lagast.ovh\/?page_id=492","url":"https:\/\/www.auriac-lagast.ovh\/?page_id=492","name":"Compte Rendu de l'AG du 10 Aout 2025 - Association VELO-HISTOIRE-TOURISME","isPartOf":{"@id":"https:\/\/www.auriac-lagast.ovh\/#website"},"datePublished":"2025-08-10T14:18:25+00:00","dateModified":"2025-08-10T14:18:25+00:00","breadcrumb":{"@id":"https:\/\/www.auriac-lagast.ovh\/?page_id=492#breadcrumb"},"inLanguage":"fr-FR","potentialAction":[{"@type":"ReadAction","target":["https:\/\/www.auriac-lagast.ovh\/?page_id=492"]}]},{"@type":"BreadcrumbList","@id":"https:\/\/www.auriac-lagast.ovh\/?page_id=492#breadcrumb","itemListElement":[{"@type":"ListItem","position":1,"name":"Accueil","item":"https:\/\/www.auriac-lagast.ovh\/"},{"@type":"ListItem","position":2,"name":"Compte Rendu de l&rsquo;AG du 10 Aout 2025"}]},{"@type":"WebSite","@id":"https:\/\/www.auriac-lagast.ovh\/#website","url":"https:\/\/www.auriac-lagast.ovh\/","name":"Association VELO-HISTOIRE-TOURISME","description":"Auriac Lagast","potentialAction":[{"@type":"SearchAction","target":{"@type":"EntryPoint","urlTemplate":"https:\/\/www.auriac-lagast.ovh\/?s={search_term_string}"},"query-input":"required name=search_term_string"}],"inLanguage":"fr-FR"}]}},"_links":{"self":[{"href":"https:\/\/www.auriac-lagast.ovh\/index.php?rest_route=\/wp\/v2\/pages\/492"}],"collection":[{"href":"https:\/\/www.auriac-lagast.ovh\/index.php?rest_route=\/wp\/v2\/pages"}],"about":[{"href":"https:\/\/www.auriac-lagast.ovh\/index.php?rest_route=\/wp\/v2\/types\/page"}],"author":[{"embeddable":true,"href":"https:\/\/www.auriac-lagast.ovh\/index.php?rest_route=\/wp\/v2\/users\/1"}],"replies":[{"embeddable":true,"href":"https:\/\/www.auriac-lagast.ovh\/index.php?rest_route=%2Fwp%2Fv2%2Fcomments&post=492"}],"version-history":[{"count":1,"href":"https:\/\/www.auriac-lagast.ovh\/index.php?rest_route=\/wp\/v2\/pages\/492\/revisions"}],"predecessor-version":[{"id":493,"href":"https:\/\/www.auriac-lagast.ovh\/index.php?rest_route=\/wp\/v2\/pages\/492\/revisions\/493"}],"wp:attachment":[{"href":"https:\/\/www.auriac-lagast.ovh\/index.php?rest_route=%2Fwp%2Fv2%2Fmedia&parent=492"}],"curies":[{"name":"wp","href":"https:\/\/api.w.org\/{rel}","templated":true}]}}