{"id":487,"date":"2024-09-01T22:14:12","date_gmt":"2024-09-01T20:14:12","guid":{"rendered":"https:\/\/www.auriac-lagast.ovh\/?page_id=487"},"modified":"2024-09-01T22:14:12","modified_gmt":"2024-09-01T20:14:12","slug":"compte-rendu-de-lag-du-12-aout-2024","status":"publish","type":"page","link":"https:\/\/www.auriac-lagast.ovh\/?page_id=487","title":{"rendered":"Compte rendu de l&rsquo;AG du 12 ao\u00fbt 2024"},"content":{"rendered":"\n<p><strong>COMPTE RENDU de l\u2019Assembl\u00e9e G\u00e9n\u00e9rale de l\u2019Association V\u00e9lo-Histoire-Tourisme autour d\u2019Auriac-Lagast (VHTA) (12 120 Auriac-Lagast)<\/strong><\/p>\n\n\n\n<p><strong><em>Objet&nbsp;<\/em><\/strong>:&nbsp; R\u00e9union Assembl\u00e9e g\u00e9n\u00e9rale de l\u2019association V\u00e9lo-Histoire-Tourisme autour d\u2019Auriac-Lagast le 12 Aout 2024.<\/p>\n\n\n\n<p><strong><em>Pr\u00e9sents<\/em><\/strong>&nbsp;:<\/p>\n\n\n\n<p>Genevieve Nouyrigat, Pierre Daniel et un invit\u00e9<\/p>\n\n\n\n<ol type=\"A\">\n<li>Ouverture de l\u2019AG<\/li>\n\n\n\n<li>Lecture et approbation de l\u2019AG pr\u00e9c\u00e9dente<\/li>\n\n\n\n<li>Rapport d\u2019activit\u00e9<\/li>\n\n\n\n<li>Bilan financier<\/li>\n\n\n\n<li>Projets et objectifs<\/li>\n\n\n\n<li>Election du nouveau bureau<\/li>\n\n\n\n<li>Questions diverses<\/li>\n\n\n\n<li>Cl\u00f4ture<\/li>\n<\/ol>\n\n\n\n<ol type=\"A\">\n<li>La s\u00e9ance d\u00e9bute \u00e0 17h le 12\/08\/2024 en pr\u00e9sence de 3 personnes faisant du v\u00e9lo VTT et VTC, du v\u00e9lo de route.&nbsp;<\/li>\n<\/ol>\n\n\n\n<p>&nbsp;&nbsp;&nbsp;&nbsp;&nbsp;&nbsp;&nbsp;&nbsp;&nbsp;&nbsp;&nbsp;&nbsp;&nbsp; La pr\u00e9sidente de l\u2019association Genevi\u00e8ve Nouyrigat en qualit\u00e9 de secr\u00e9taire de s\u00e9ance et Pierre Daniel en qualit\u00e9 de pr\u00e9sident de s\u00e9ance.<\/p>\n\n\n\n<ul>\n<li>Apr\u00e8s lecture, Le compte rendu de l\u2019AG a \u00e9t\u00e9 approuv\u00e9 \u00e0 l\u2019unanimit\u00e9 par l\u2019ensemble des adh\u00e9rents.<\/li>\n<\/ul>\n\n\n\n<ul>\n<li>Le pr\u00e9sident fait le compte rendu du <strong>rapport d\u2019activit\u00e9<\/strong> pour l\u2019ann\u00e9e \u00e9coul\u00e9e.<\/li>\n\n\n\n<li>Le site internet a \u00e9t\u00e9 compl\u00e9t\u00e9 : <a href=\"http:\/\/www.auriac-lagast.ovh\">www.auriac-lagast.ovh<\/a> avec adresse de contact <a href=\"mailto:velo@auriac-lagast.ovh\">velo@auriac-lagast.ovh<\/a>.<\/li>\n\n\n\n<li>Plusieurs sorties ont \u00e9t\u00e9 r\u00e9alis\u00e9es pendant l\u2019ann\u00e9e scolaire 2023 2024 avec les adolescents de la commune. Voir les liens des 4 ballades avec Adolescents&nbsp;<\/li>\n<\/ul>\n\n\n\n<p>Circuits V\u00e9lo&nbsp;:<\/p>\n\n\n\n<ol type=\"1\">\n<li><a href=\"https:\/\/www.auriac-lagast.fr\/circuits-vtt-effectues-le-13-avril-et-le-10-mai-2024\/\">https:\/\/www.auriac-lagast.fr\/circuits-vtt-effectues-le-13-avril-et-le-10-mai-2024\/<\/a><\/li>\n\n\n\n<li><a href=\"https:\/\/www.auriac-lagast.fr\/sortie-vtt-bois-de-roupeyrac-durenque-le-18-11-duree-2h30-17km-beau-temps\/\">https:\/\/www.auriac-lagast.fr\/sortie-vtt-bois-de-roupeyrac-durenque-le-18-11-duree-2h30-17km-beau-temps\/<\/a><\/li>\n\n\n\n<li><a href=\"https:\/\/www.auriac-lagast.fr\/circuit-peyrelevade-15-km-le-22-10-2023-duree-1h30-denivele-340m-temps-frais-et-agreable\/\">https:\/\/www.auriac-lagast.fr\/circuit-peyrelevade-15-km-le-22-10-2023-duree-1h30-denivele-340m-temps-frais-et-agreable\/<\/a><\/li>\n<\/ol>\n\n\n\n<ul>\n<li>Cr\u00e9ation d\u2019un jeu \u00ab&nbsp;Le Lagast&nbsp;\u00bb pour financer les activit\u00e9s, au prix de 10\u20ac le jeu&nbsp;:<\/li>\n<\/ul>\n\n\n\n<figure class=\"wp-block-embed\"><div class=\"wp-block-embed__wrapper\">\nhttps:\/\/www.auriac-lagast.fr\/jeu-de-societe-lagast-moi\/\n<\/div><\/figure>\n\n\n\n<p>\u00ab&nbsp;Explorez le charme du \u00ab LAGAST \u00bb, petit pays nich\u00e9 entre le L\u00e9vezou et le S\u00e9gala, \u00e0 travers un jeu aux couleurs du \u00ab Lagast \u00bb Plongez-vous dans cette exp\u00e9rience ludique comprenant 20 photos et 20 questions captivantes sur la r\u00e9gion. Quatre variantes vous permettent de vous amuser de diff\u00e9rentes mani\u00e8res : Mistigri, Memory, Mime et Jeu de rapidit\u00e9. Ce jeu est con\u00e7u pour les joueurs de 10 \u00e0 99 ans et est disponible dans le bar-tabac ainsi que dans le grand magasin d\u2019alimentation le plus proche du village. Venez vivre l\u2019aventure du LAGAST et partagez des instants m\u00e9morables en famille ou entre amis !&nbsp;\u00bb<\/p>\n\n\n\n<ul>\n<li><strong>Bilan financier<\/strong>&nbsp;: 2024<\/li>\n<\/ul>\n\n\n\n<p><strong>D\u00e9pense&nbsp;<\/strong>:<\/p>\n\n\n\n<p><strong>Facture 299,90 \u20ac reprographie carte Lagast<\/strong><\/p>\n\n\n\n<p>Facture 162\u20ac r\u00e9paration v\u00e9lo<\/p>\n\n\n\n<p>Facture Cartes Vin 74,52\u20ac<\/p>\n\n\n\n<p><strong>Total&nbsp; d\u00e9pense 1, 2024&nbsp;: &nbsp;&nbsp;&nbsp;&nbsp;&nbsp;&nbsp;&nbsp;536,42 \u20ac<\/strong><\/p>\n\n\n\n<p><strong>Recette&nbsp;:<\/strong><\/p>\n\n\n\n<p>CA&nbsp;: Re\u00e7u 3 jeux de carte Auriac (Val\u00e9rie et Blandine+Maire\u2026) 30 \u20ac +caf\u00e920\u20ac+70\u20ac carrefour+20 \u20acMeljac) pour le jeu \u00abLe Lagast&nbsp;\u00bb &nbsp; (liquide)<\/p>\n\n\n\n<p>CA&nbsp;: &nbsp;10\u20ac tabac Marcillac (liquide)<\/p>\n\n\n\n<p><strong>Ressource<\/strong><strong>&nbsp;<\/strong>: &nbsp;Adh\u00e9sions&nbsp;:&nbsp;&nbsp;&nbsp;&nbsp;&nbsp;&nbsp; 10 \u20ac *4 adh\u00e9rents = 40 \u20ac + 10\u20ac Louis Serin<\/p>\n\n\n\n<p>&nbsp;&nbsp;&nbsp;&nbsp;&nbsp;&nbsp;&nbsp;&nbsp;&nbsp;&nbsp;&nbsp;&nbsp;&nbsp;&nbsp;&nbsp;&nbsp;&nbsp;&nbsp;&nbsp;&nbsp;&nbsp;&nbsp; Don personnel 2024&nbsp;&nbsp;&nbsp;&nbsp;&nbsp;&nbsp;&nbsp;&nbsp;&nbsp; 366,42\u20ac TTC<\/p>\n\n\n\n<p>&nbsp;&nbsp;&nbsp;&nbsp;&nbsp;&nbsp;&nbsp;&nbsp;&nbsp;&nbsp;&nbsp;&nbsp;&nbsp;&nbsp;&nbsp;&nbsp;&nbsp;&nbsp;&nbsp;&nbsp;&nbsp;&nbsp; CA&nbsp;:&nbsp;&nbsp;&nbsp;&nbsp;&nbsp;&nbsp;&nbsp;&nbsp;&nbsp;&nbsp;&nbsp;&nbsp;&nbsp;&nbsp;&nbsp;&nbsp;&nbsp;&nbsp;&nbsp;&nbsp;&nbsp;&nbsp;&nbsp;&nbsp;&nbsp;&nbsp;&nbsp;&nbsp; 150\u20ac &nbsp;+ 50\u20ac adherents&nbsp;&nbsp;&nbsp; =&nbsp; 200\u20ac&nbsp;&nbsp;&nbsp;&nbsp;&nbsp;&nbsp;&nbsp;&nbsp;&nbsp;&nbsp;&nbsp;&nbsp;&nbsp;&nbsp;&nbsp;<\/p>\n\n\n\n<p>&nbsp;D\u00e9pense compl\u00e9mentaire&nbsp;:&nbsp;&nbsp;&nbsp;&nbsp;&nbsp;&nbsp;&nbsp;&nbsp;<\/p>\n\n\n\n<p>Co\u00fbt&nbsp;: H\u00e9bergement du site&nbsp;: &nbsp;&nbsp;&nbsp;&nbsp;&nbsp;&nbsp;&nbsp;&nbsp;&nbsp;&nbsp;&nbsp;&nbsp;&nbsp;6,31 \u20ac le site (sachant 31,54\u20ac TTC les 5 sites)<\/p>\n\n\n\n<p>&nbsp;&nbsp;&nbsp;&nbsp;&nbsp;&nbsp;&nbsp;&nbsp;&nbsp;&nbsp; Nom de domaine&nbsp;&nbsp;&nbsp;&nbsp;&nbsp;&nbsp;&nbsp; = &nbsp;&nbsp;&nbsp;&nbsp;&nbsp;&nbsp;&nbsp;&nbsp;&nbsp;&nbsp;&nbsp;&nbsp;3,59 \u20ac TTC<\/p>\n\n\n\n<p>&nbsp;&nbsp;&nbsp;&nbsp;&nbsp;&nbsp;&nbsp;&nbsp;&nbsp; <strong>Total d\u00e9pense<\/strong>&nbsp;&nbsp;&nbsp;&nbsp;&nbsp;&nbsp;&nbsp;&nbsp;&nbsp;&nbsp;&nbsp;&nbsp;&nbsp;&nbsp;&nbsp;&nbsp; =&nbsp;&nbsp;&nbsp;&nbsp;&nbsp;&nbsp;&nbsp;&nbsp;&nbsp; <strong>536,42 \u20ac +6,31 +3,59 = 546,42\u20ac<\/strong><\/p>\n\n\n\n<p>&nbsp;&nbsp;&nbsp;&nbsp;&nbsp;&nbsp;&nbsp;&nbsp;&nbsp;&nbsp;&nbsp;&nbsp;&nbsp;&nbsp; Total d\u00e9pense &nbsp;2024&nbsp;&nbsp;&nbsp;&nbsp;&nbsp;&nbsp;&nbsp; =&nbsp;&nbsp;&nbsp;&nbsp;&nbsp;&nbsp; &nbsp;&nbsp;&nbsp;&nbsp;&nbsp;&nbsp;&nbsp;&nbsp;546,42\u20ac<strong><\/strong><\/p>\n\n\n\n<p>&nbsp;&nbsp;&nbsp;&nbsp;&nbsp;&nbsp;&nbsp;&nbsp;&nbsp;&nbsp;&nbsp;&nbsp;&nbsp;&nbsp; Total recette&nbsp;&nbsp;&nbsp; 2024&nbsp;&nbsp;&nbsp; &nbsp;&nbsp;&nbsp;&nbsp;=&nbsp;&nbsp;&nbsp; &nbsp;&nbsp;&nbsp;&nbsp;&nbsp;&nbsp;&nbsp;&nbsp;&nbsp;&nbsp;&nbsp;&nbsp;200 \u20ac<strong><\/strong><\/p>\n\n\n\n<p><strong>&nbsp;&nbsp;&nbsp;&nbsp;&nbsp;&nbsp;&nbsp;&nbsp;&nbsp;&nbsp;&nbsp;&nbsp;&nbsp;&nbsp;&nbsp; <\/strong>Don personnel 2024&nbsp;&nbsp; &nbsp;&nbsp;&nbsp;&nbsp;=&nbsp;&nbsp;&nbsp;&nbsp;&nbsp;&nbsp;&nbsp;&nbsp;&nbsp;&nbsp; &nbsp;&nbsp;&nbsp;&nbsp;&nbsp;346,42\u20ac<\/p>\n\n\n\n<p>&nbsp;&nbsp;&nbsp;&nbsp;&nbsp;&nbsp;&nbsp;&nbsp;&nbsp;&nbsp;&nbsp;&nbsp;&nbsp; Solde de tr\u00e9sorerie 2024&nbsp; =&nbsp;&nbsp;&nbsp;&nbsp;&nbsp;&nbsp;&nbsp;&nbsp;&nbsp;&nbsp;&nbsp;&nbsp;&nbsp;&nbsp;&nbsp;&nbsp; 0<\/p>\n\n\n\n<p><strong>&nbsp;&nbsp;&nbsp;&nbsp;&nbsp;&nbsp;&nbsp;&nbsp;&nbsp;&nbsp;&nbsp;&nbsp; &nbsp;&nbsp;&nbsp;Don personnel&nbsp; 2023&nbsp;&nbsp;&nbsp;&nbsp;&nbsp; =&nbsp;&nbsp;&nbsp;&nbsp;&nbsp;&nbsp;&nbsp;&nbsp;&nbsp;&nbsp;&nbsp; &nbsp;&nbsp;&nbsp;&nbsp;394,85\u20ac<\/strong><\/p>\n\n\n\n<p>&nbsp;&nbsp;&nbsp;&nbsp;&nbsp;&nbsp;&nbsp;&nbsp;&nbsp;&nbsp;&nbsp;&nbsp;&nbsp;&nbsp;&nbsp; Don personnel cumul\u00e9 23-24&nbsp;&nbsp; &nbsp;=&nbsp; &nbsp;&nbsp;&nbsp;741,27\u20ac<\/p>\n\n\n\n<ul>\n<li><strong>Projets et objectifs<\/strong><\/li>\n<\/ul>\n\n\n\n<p>Plusieurs propositions&nbsp;:<\/p>\n\n\n\n<ul>\n<li>Pr\u00e9sentation des circuits VTT lors de la f\u00eate du village<\/li>\n\n\n\n<li>D\u00e9velopper les circuits \u00e0 th\u00e8me pour v\u00e9los de route et VTT<\/li>\n\n\n\n<li>Poursuite de partenariat avec des associations int\u00e9ress\u00e9es par l\u2019activit\u00e9 V\u00e9lo-Tourisme-Histoire<\/li>\n<\/ul>\n\n\n\n<ul>\n<li><strong><em>Election du nouveau bureau&nbsp;:<\/em><\/strong><\/li>\n\n\n\n<li>Le bureau sortant a propos\u00e9 de se repr\u00e9senter et a \u00e9t\u00e9 \u00e9lu \u00e0 l\u2019unanimit\u00e9. &nbsp;<\/li>\n<\/ul>\n\n\n\n<ul>\n<li>Pr\u00e9sidente&nbsp;: Madame&nbsp;NOUYRIGAT Genevieve. La pr\u00e9sidente cumule les fonctions de pr\u00e9sidente et de secr\u00e9taire.<\/li>\n<\/ul>\n\n\n\n<ul>\n<li>Tr\u00e9sorier&nbsp;: Monsieur DANIEL Pierre.<\/li>\n<\/ul>\n\n\n\n<ul>\n<li><strong>Questions diverses.<\/strong><\/li>\n<\/ul>\n\n\n\n<p>L\u2019association va-t-elle organiser des sorties itin\u00e9rantes ? Pas pr\u00e9vu pour l\u2019instant.<\/p>\n\n\n\n<p>S\u2019il y a de la demande, l\u2019organisation pourra se faire.<\/p>\n\n\n\n<ul>\n<li>La s\u00e9ance se termine vers 19h autour d\u2019un verre et d\u2019un g\u00e2teau \u00e0 broche.<\/li>\n<\/ul>\n\n\n\n<p>&nbsp;&nbsp;&nbsp;&nbsp;&nbsp;&nbsp;&nbsp;&nbsp;&nbsp;&nbsp;&nbsp;&nbsp;&nbsp;&nbsp;&nbsp;&nbsp;&nbsp;&nbsp;&nbsp;&nbsp;&nbsp;&nbsp;&nbsp;&nbsp;&nbsp;&nbsp;&nbsp;&nbsp;&nbsp;&nbsp;&nbsp;&nbsp;&nbsp;&nbsp;&nbsp;&nbsp;&nbsp;&nbsp;&nbsp;&nbsp;&nbsp;&nbsp;&nbsp;&nbsp;&nbsp;&nbsp;&nbsp;&nbsp;&nbsp;&nbsp;&nbsp;&nbsp;&nbsp;&nbsp;&nbsp;&nbsp;&nbsp;&nbsp;&nbsp;&nbsp;&nbsp;&nbsp;&nbsp;&nbsp;&nbsp;&nbsp;&nbsp;&nbsp;&nbsp;&nbsp;&nbsp;&nbsp;&nbsp;&nbsp;&nbsp;&nbsp;&nbsp;&nbsp;&nbsp;&nbsp;&nbsp;&nbsp;&nbsp;&nbsp;&nbsp;&nbsp;&nbsp;&nbsp;&nbsp;&nbsp;&nbsp;&nbsp;&nbsp;&nbsp;&nbsp;&nbsp;&nbsp;&nbsp; A Auriac-Lagast, le 12 ao\u00fbt 2024<\/p>\n","protected":false},"excerpt":{"rendered":"<p>COMPTE RENDU de l\u2019Assembl\u00e9e G\u00e9n\u00e9rale de l\u2019Association V\u00e9lo-Histoire-Tourisme autour d\u2019Auriac-Lagast (VHTA) (12 120 Auriac-Lagast) Objet&nbsp;:&nbsp; R\u00e9union Assembl\u00e9e g\u00e9n\u00e9rale de l\u2019association V\u00e9lo-Histoire-Tourisme autour d\u2019Auriac-Lagast le 12 Aout 2024. Pr\u00e9sents&nbsp;: Genevieve Nouyrigat, Pierre Daniel et un invit\u00e9 &nbsp;&nbsp;&nbsp;&nbsp;&nbsp;&nbsp;&nbsp;&nbsp;&nbsp;&nbsp;&nbsp;&nbsp;&nbsp; La pr\u00e9sidente de l\u2019association Genevi\u00e8ve Nouyrigat en qualit\u00e9 de secr\u00e9taire de s\u00e9ance et Pierre Daniel en qualit\u00e9 de pr\u00e9sident &hellip; <\/p>\n<p class=\"link-more\"><a href=\"https:\/\/www.auriac-lagast.ovh\/?page_id=487\" class=\"more-link\">Continuer la lecture<span class=\"screen-reader-text\"> de &laquo;&nbsp;Compte rendu de l&rsquo;AG du 12 ao\u00fbt 2024&nbsp;&raquo;<\/span><\/a><\/p>\n","protected":false},"author":1,"featured_media":0,"parent":0,"menu_order":0,"comment_status":"closed","ping_status":"closed","template":"","meta":[],"yoast_head":"<!-- This site is optimized with the Yoast SEO plugin v20.12 - https:\/\/yoast.com\/wordpress\/plugins\/seo\/ -->\n<title>Compte rendu de l&#039;AG du 12 ao\u00fbt 2024 - Association VELO-HISTOIRE-TOURISME<\/title>\n<meta name=\"robots\" content=\"index, follow, max-snippet:-1, max-image-preview:large, max-video-preview:-1\" \/>\n<link rel=\"canonical\" href=\"https:\/\/www.auriac-lagast.ovh\/?page_id=487\" \/>\n<meta property=\"og:locale\" content=\"fr_FR\" \/>\n<meta property=\"og:type\" content=\"article\" \/>\n<meta property=\"og:title\" content=\"Compte rendu de l&#039;AG du 12 ao\u00fbt 2024 - Association VELO-HISTOIRE-TOURISME\" \/>\n<meta property=\"og:description\" content=\"COMPTE RENDU de l\u2019Assembl\u00e9e G\u00e9n\u00e9rale de l\u2019Association V\u00e9lo-Histoire-Tourisme autour d\u2019Auriac-Lagast (VHTA) (12 120 Auriac-Lagast) Objet&nbsp;:&nbsp; R\u00e9union Assembl\u00e9e g\u00e9n\u00e9rale de l\u2019association V\u00e9lo-Histoire-Tourisme autour d\u2019Auriac-Lagast le 12 Aout 2024. Pr\u00e9sents&nbsp;: Genevieve Nouyrigat, Pierre Daniel et un invit\u00e9 &nbsp;&nbsp;&nbsp;&nbsp;&nbsp;&nbsp;&nbsp;&nbsp;&nbsp;&nbsp;&nbsp;&nbsp;&nbsp; La pr\u00e9sidente de l\u2019association Genevi\u00e8ve Nouyrigat en qualit\u00e9 de secr\u00e9taire de s\u00e9ance et Pierre Daniel en qualit\u00e9 de pr\u00e9sident &hellip; Continuer la lecture de &laquo;&nbsp;Compte rendu de l&rsquo;AG du 12 ao\u00fbt 2024&nbsp;&raquo;\" \/>\n<meta property=\"og:url\" content=\"https:\/\/www.auriac-lagast.ovh\/?page_id=487\" \/>\n<meta property=\"og:site_name\" content=\"Association VELO-HISTOIRE-TOURISME\" \/>\n<meta name=\"twitter:card\" content=\"summary_large_image\" \/>\n<meta name=\"twitter:label1\" content=\"Dur\u00e9e de lecture estim\u00e9e\" \/>\n\t<meta name=\"twitter:data1\" content=\"3 minutes\" \/>\n<script type=\"application\/ld+json\" class=\"yoast-schema-graph\">{\"@context\":\"https:\/\/schema.org\",\"@graph\":[{\"@type\":\"WebPage\",\"@id\":\"https:\/\/www.auriac-lagast.ovh\/?page_id=487\",\"url\":\"https:\/\/www.auriac-lagast.ovh\/?page_id=487\",\"name\":\"Compte rendu de l'AG du 12 ao\u00fbt 2024 - Association VELO-HISTOIRE-TOURISME\",\"isPartOf\":{\"@id\":\"https:\/\/www.auriac-lagast.ovh\/#website\"},\"datePublished\":\"2024-09-01T20:14:12+00:00\",\"dateModified\":\"2024-09-01T20:14:12+00:00\",\"breadcrumb\":{\"@id\":\"https:\/\/www.auriac-lagast.ovh\/?page_id=487#breadcrumb\"},\"inLanguage\":\"fr-FR\",\"potentialAction\":[{\"@type\":\"ReadAction\",\"target\":[\"https:\/\/www.auriac-lagast.ovh\/?page_id=487\"]}]},{\"@type\":\"BreadcrumbList\",\"@id\":\"https:\/\/www.auriac-lagast.ovh\/?page_id=487#breadcrumb\",\"itemListElement\":[{\"@type\":\"ListItem\",\"position\":1,\"name\":\"Accueil\",\"item\":\"https:\/\/www.auriac-lagast.ovh\/\"},{\"@type\":\"ListItem\",\"position\":2,\"name\":\"Compte rendu de l&rsquo;AG du 12 ao\u00fbt 2024\"}]},{\"@type\":\"WebSite\",\"@id\":\"https:\/\/www.auriac-lagast.ovh\/#website\",\"url\":\"https:\/\/www.auriac-lagast.ovh\/\",\"name\":\"Association VELO-HISTOIRE-TOURISME\",\"description\":\"Auriac Lagast\",\"potentialAction\":[{\"@type\":\"SearchAction\",\"target\":{\"@type\":\"EntryPoint\",\"urlTemplate\":\"https:\/\/www.auriac-lagast.ovh\/?s={search_term_string}\"},\"query-input\":\"required name=search_term_string\"}],\"inLanguage\":\"fr-FR\"}]}<\/script>\n<!-- \/ Yoast SEO plugin. -->","yoast_head_json":{"title":"Compte rendu de l'AG du 12 ao\u00fbt 2024 - Association VELO-HISTOIRE-TOURISME","robots":{"index":"index","follow":"follow","max-snippet":"max-snippet:-1","max-image-preview":"max-image-preview:large","max-video-preview":"max-video-preview:-1"},"canonical":"https:\/\/www.auriac-lagast.ovh\/?page_id=487","og_locale":"fr_FR","og_type":"article","og_title":"Compte rendu de l'AG du 12 ao\u00fbt 2024 - Association VELO-HISTOIRE-TOURISME","og_description":"COMPTE RENDU de l\u2019Assembl\u00e9e G\u00e9n\u00e9rale de l\u2019Association V\u00e9lo-Histoire-Tourisme autour d\u2019Auriac-Lagast (VHTA) (12 120 Auriac-Lagast) Objet&nbsp;:&nbsp; R\u00e9union Assembl\u00e9e g\u00e9n\u00e9rale de l\u2019association V\u00e9lo-Histoire-Tourisme autour d\u2019Auriac-Lagast le 12 Aout 2024. Pr\u00e9sents&nbsp;: Genevieve Nouyrigat, Pierre Daniel et un invit\u00e9 &nbsp;&nbsp;&nbsp;&nbsp;&nbsp;&nbsp;&nbsp;&nbsp;&nbsp;&nbsp;&nbsp;&nbsp;&nbsp; La pr\u00e9sidente de l\u2019association Genevi\u00e8ve Nouyrigat en qualit\u00e9 de secr\u00e9taire de s\u00e9ance et Pierre Daniel en qualit\u00e9 de pr\u00e9sident &hellip; Continuer la lecture de &laquo;&nbsp;Compte rendu de l&rsquo;AG du 12 ao\u00fbt 2024&nbsp;&raquo;","og_url":"https:\/\/www.auriac-lagast.ovh\/?page_id=487","og_site_name":"Association VELO-HISTOIRE-TOURISME","twitter_card":"summary_large_image","twitter_misc":{"Dur\u00e9e de lecture estim\u00e9e":"3 minutes"},"schema":{"@context":"https:\/\/schema.org","@graph":[{"@type":"WebPage","@id":"https:\/\/www.auriac-lagast.ovh\/?page_id=487","url":"https:\/\/www.auriac-lagast.ovh\/?page_id=487","name":"Compte rendu de l'AG du 12 ao\u00fbt 2024 - Association VELO-HISTOIRE-TOURISME","isPartOf":{"@id":"https:\/\/www.auriac-lagast.ovh\/#website"},"datePublished":"2024-09-01T20:14:12+00:00","dateModified":"2024-09-01T20:14:12+00:00","breadcrumb":{"@id":"https:\/\/www.auriac-lagast.ovh\/?page_id=487#breadcrumb"},"inLanguage":"fr-FR","potentialAction":[{"@type":"ReadAction","target":["https:\/\/www.auriac-lagast.ovh\/?page_id=487"]}]},{"@type":"BreadcrumbList","@id":"https:\/\/www.auriac-lagast.ovh\/?page_id=487#breadcrumb","itemListElement":[{"@type":"ListItem","position":1,"name":"Accueil","item":"https:\/\/www.auriac-lagast.ovh\/"},{"@type":"ListItem","position":2,"name":"Compte rendu de l&rsquo;AG du 12 ao\u00fbt 2024"}]},{"@type":"WebSite","@id":"https:\/\/www.auriac-lagast.ovh\/#website","url":"https:\/\/www.auriac-lagast.ovh\/","name":"Association VELO-HISTOIRE-TOURISME","description":"Auriac Lagast","potentialAction":[{"@type":"SearchAction","target":{"@type":"EntryPoint","urlTemplate":"https:\/\/www.auriac-lagast.ovh\/?s={search_term_string}"},"query-input":"required name=search_term_string"}],"inLanguage":"fr-FR"}]}},"_links":{"self":[{"href":"https:\/\/www.auriac-lagast.ovh\/index.php?rest_route=\/wp\/v2\/pages\/487"}],"collection":[{"href":"https:\/\/www.auriac-lagast.ovh\/index.php?rest_route=\/wp\/v2\/pages"}],"about":[{"href":"https:\/\/www.auriac-lagast.ovh\/index.php?rest_route=\/wp\/v2\/types\/page"}],"author":[{"embeddable":true,"href":"https:\/\/www.auriac-lagast.ovh\/index.php?rest_route=\/wp\/v2\/users\/1"}],"replies":[{"embeddable":true,"href":"https:\/\/www.auriac-lagast.ovh\/index.php?rest_route=%2Fwp%2Fv2%2Fcomments&post=487"}],"version-history":[{"count":1,"href":"https:\/\/www.auriac-lagast.ovh\/index.php?rest_route=\/wp\/v2\/pages\/487\/revisions"}],"predecessor-version":[{"id":488,"href":"https:\/\/www.auriac-lagast.ovh\/index.php?rest_route=\/wp\/v2\/pages\/487\/revisions\/488"}],"wp:attachment":[{"href":"https:\/\/www.auriac-lagast.ovh\/index.php?rest_route=%2Fwp%2Fv2%2Fmedia&parent=487"}],"curies":[{"name":"wp","href":"https:\/\/api.w.org\/{rel}","templated":true}]}}