{"id":472,"date":"2023-08-04T19:44:11","date_gmt":"2023-08-04T17:44:11","guid":{"rendered":"https:\/\/www.auriac-lagast.ovh\/?page_id=472"},"modified":"2023-08-06T22:05:40","modified_gmt":"2023-08-06T20:05:40","slug":"compte-rendu-de-lag-du-4-aout-2023","status":"publish","type":"page","link":"https:\/\/www.auriac-lagast.ovh\/?page_id=472","title":{"rendered":"Compte rendu de l&rsquo;AG du 4 ao\u00fbt 2023"},"content":{"rendered":"\n<p><strong>COMPTE RENDU de la constitution de l\u2019Association V\u00e9lo-Histoire-Tourisme autour d\u2019Auriac-Lagast (VHTA)<\/strong><\/p>\n\n\n\n<p><strong>Assembl\u00e9e g\u00e9n\u00e9rale constitutive le 04 08 2023 \u00e0 17h au bourg, 12120 Auriac-Lagast<\/strong><\/p>\n\n\n\n<p><em><strong>Objet&nbsp;<\/strong><\/em>: R\u00e9union Assembl\u00e9e g\u00e9n\u00e9rale de l\u2019association V\u00e9lo-Histoire-Tourisme autour d\u2019Auriac-Lagast<\/p>\n\n\n\n<p><em><strong>Pr\u00e9sents<\/strong><\/em>&nbsp;:<\/p>\n\n\n\n<p>Genevieve Nouyrigat, Pierre Daniel et un invit\u00e9<\/p>\n\n\n\n<ol type=\"A\">\n<li>Ouverture de l\u2019AG<\/li>\n\n\n\n<li>Lecture et approbation de l\u2019AG pr\u00e9c\u00e9dente<\/li>\n\n\n\n<li>Rapport d\u2019activit\u00e9<\/li>\n\n\n\n<li>Bilan financier<\/li>\n\n\n\n<li>Projets et objectifs<\/li>\n\n\n\n<li>Election du nouveau bureau<\/li>\n\n\n\n<li>Questions diverses<\/li>\n\n\n\n<li>Cl\u00f4ture<\/li>\n<\/ol>\n\n\n\n<ol type=\"A\">\n<li>La s\u00e9ance d\u00e9bute \u00e0 17h le 04\/08\/2023 en pr\u00e9sence de 3 personnes faisant du v\u00e9lo VTT et VTC, du v\u00e9lo de route.<\/li>\n<\/ol>\n\n\n\n<p>La pr\u00e9sidente de l\u2019association Genevi\u00e8ve Nouyrigat en qualit\u00e9 de secr\u00e9taire de s\u00e9ance et Pierre Daniel en qualit\u00e9 de pr\u00e9sident de s\u00e9ance.<\/p>\n\n\n\n<ol type=\"A\" start=\"2\">\n<li>Apr\u00e8s lecture, Le compte rendu de l\u2019AG a \u00e9t\u00e9 approuv\u00e9 \u00e0 l\u2019unanimit\u00e9 par l\u2019ensemble des adh\u00e9rents.<\/li>\n<\/ol>\n\n\n\n<ol type=\"A\" start=\"3\">\n<li>Le pr\u00e9sident fait le compte rendu du <strong>rapport d\u2019activit\u00e9<\/strong> pour l\u2019ann\u00e9e \u00e9coul\u00e9e.<\/li>\n<\/ol>\n\n\n\n<ul>\n<li>Le site internet a \u00e9t\u00e9 cr\u00e9\u00e9 avec l\u2019adresse suivante&nbsp;: <a href=\"http:\/\/www.auriac-lagast.ovh\/\">www.auriac-lagast.ovh<\/a> avec adresse de contact <a href=\"mailto:velo@auriac-lagast.ovh\">velo@auriac-lagast.ovh<\/a>.<\/li>\n\n\n\n<li>Le site internet comprend 4 th\u00e8mes&nbsp;:<\/li>\n<\/ul>\n\n\n\n<ol>\n<li>une pr\u00e9sentation g\u00e9n\u00e9rale du village d\u2019Auriac-Lagast, de sa situation g\u00e9ographique et quelques sites remarquables \u00e0 d\u00e9tailler<\/li>\n\n\n\n<li>8 circuits \u00e0 v\u00e9lo de route autour d\u2019Auriac-Lagast entre 40 et 90 km<\/li>\n\n\n\n<li>9 circuits VTT de 20 \u00e0 40 km<\/li>\n\n\n\n<li>6 circuits \u00e0 th\u00e8me \u00e0 d\u00e9velopper entre 12 et 30km<\/li>\n<\/ol>\n\n\n\n<ul>\n<li>Des circuits v\u00e9lo ont \u00e9t\u00e9 mis en place pour initier \u00e0 la pratique du v\u00e9lo \u00e9lectrique sur une distance de 6 \u00e0 12km avec des groupes de 2 \u00e0 6 personnes. Les initi\u00e9s \u00e2g\u00e9s de 15 \u00e0 70 ans, ont fait du VTC \u00e9lectrique qui demande une certaine dext\u00e9rit\u00e9. Une dizaine de circuits ont \u00e9t\u00e9 faits avec ces d\u00e9butants d\u2019utilisation de VTC \u00e9lectrique<\/li>\n\n\n\n<li>Partage de circuits touristiques vers la Pyramide du Lagast et Peyrebrune (carte d\u00e9taill\u00e9e) avec \u00ab&nbsp;Aveyron \u00e0 v\u00e9lo&nbsp;\u00bb sur le site de la plage du Mayrac \u00e0 Villefranche de Panat.<\/li>\n<\/ul>\n\n\n\n<ol type=\"A\" start=\"4\">\n<li><strong>Bilan financier<\/strong>&nbsp;:<\/li>\n<\/ol>\n\n\n\n<p>Ressource\u00a0: Adh\u00e9sions\u00a0: 10 \u20ac *3 adh\u00e9rents = 30 \u20ac<\/p>\n\n\n\n<p>Don personnel 394,85 \u20acTTC<\/p>\n\n\n\n<p>D\u00e9pense&nbsp;:<\/p>\n\n\n\n<p>Co\u00fbt&nbsp;: H\u00e9bergement du site&nbsp;: 6,31 \u20ac le site (sachant 31,54\u20ac TTC les 5 sites)<\/p>\n\n\n\n<p>Nom de domaine = 3,59 \u20ac TTC<\/p>\n\n\n\n<p>Batterie v\u00e9lo = 414,95 \u20ac TTC<\/p>\n\n\n\n<p>Total d\u00e9pense = 424,85 \u20ac TTC<\/p>\n\n\n\n<p>Solde de tr\u00e9sorerie&nbsp; = 0 \u20ac<\/p>\n\n\n\n<ol type=\"A\" start=\"5\">\n<li><strong>Projets et objectifs<\/strong><\/li>\n<\/ol>\n\n\n\n<p>Plusieurs propositions&nbsp;:<\/p>\n\n\n\n<ul>\n<li>Pr\u00e9sentation des circuits VTT lors de la f\u00eate du village<\/li>\n\n\n\n<li>D\u00e9velopper les parties \u00ab&nbsp;sites remarquables&nbsp;\u00bb, circuits \u00e0 th\u00e8me et circuits v\u00e9lo de route et VTT<\/li>\n\n\n\n<li>Poursuite de partenariat avec des associations int\u00e9ress\u00e9es par l\u2019activit\u00e9 V\u00e9lo-Tourisme-Histoire<\/li>\n<\/ul>\n\n\n\n<ol type=\"A\" start=\"6\">\n<li><em><strong>Election du nouveau bureau&nbsp;:<\/strong><\/em><\/li>\n<\/ol>\n\n\n\n<ul>\n<li>Le bureau sortant a propos\u00e9 de se repr\u00e9senter et a \u00e9t\u00e9 \u00e9lu \u00e0 l\u2019unanimit\u00e9.<\/li>\n<\/ul>\n\n\n\n<ul>\n<li>Pr\u00e9sidente&nbsp;: Madame&nbsp;NOUYRIGAT Genevieve. La pr\u00e9sidente cumule les fonctions de pr\u00e9sidente et de secr\u00e9taire.<\/li>\n<\/ul>\n\n\n\n<ul>\n<li>Tr\u00e9sorier&nbsp;: Monsieur DANIEL Pierre.<\/li>\n<\/ul>\n\n\n\n<ol type=\"A\" start=\"7\">\n<li>Questions diverses.<\/li>\n<\/ol>\n\n\n\n<p>L\u2019association va-t-elle organiser une sortie itin\u00e9rante, par exemple une sortie le week-end&nbsp;?<\/p>\n\n\n\n<p>Nous n\u2019avons pas pr\u00e9vu cela, mais s\u2019il y a de la demande on pourra l\u2019organiser.<\/p>\n\n\n\n<ol type=\"A\" start=\"8\">\n<li>La s\u00e9ance se termine vers 19h autour d\u2019un verre et d\u2019un g\u00e2teau \u00e0 broche.<\/li>\n<\/ol>\n\n\n\n<p>A Auriac-Lagast, le 04 ao\u00fbt 2023<\/p>\n","protected":false},"excerpt":{"rendered":"<p>COMPTE RENDU de la constitution de l\u2019Association V\u00e9lo-Histoire-Tourisme autour d\u2019Auriac-Lagast (VHTA) Assembl\u00e9e g\u00e9n\u00e9rale constitutive le 04 08 2023 \u00e0 17h au bourg, 12120 Auriac-Lagast Objet&nbsp;: R\u00e9union Assembl\u00e9e g\u00e9n\u00e9rale de l\u2019association V\u00e9lo-Histoire-Tourisme autour d\u2019Auriac-Lagast Pr\u00e9sents&nbsp;: Genevieve Nouyrigat, Pierre Daniel et un invit\u00e9 La pr\u00e9sidente de l\u2019association Genevi\u00e8ve Nouyrigat en qualit\u00e9 de secr\u00e9taire de s\u00e9ance et Pierre &hellip; <\/p>\n<p class=\"link-more\"><a href=\"https:\/\/www.auriac-lagast.ovh\/?page_id=472\" class=\"more-link\">Continuer la lecture<span class=\"screen-reader-text\"> de &laquo;&nbsp;Compte rendu de l&rsquo;AG du 4 ao\u00fbt 2023&nbsp;&raquo;<\/span><\/a><\/p>\n","protected":false},"author":1,"featured_media":0,"parent":0,"menu_order":0,"comment_status":"closed","ping_status":"closed","template":"","meta":[],"yoast_head":"<!-- This site is optimized with the Yoast SEO plugin v20.12 - https:\/\/yoast.com\/wordpress\/plugins\/seo\/ -->\n<title>Compte rendu de l&#039;AG du 4 ao\u00fbt 2023 - Association VELO-HISTOIRE-TOURISME<\/title>\n<meta name=\"robots\" content=\"index, follow, max-snippet:-1, max-image-preview:large, max-video-preview:-1\" \/>\n<link rel=\"canonical\" href=\"https:\/\/www.auriac-lagast.ovh\/?page_id=472\" \/>\n<meta property=\"og:locale\" content=\"fr_FR\" \/>\n<meta property=\"og:type\" content=\"article\" \/>\n<meta property=\"og:title\" content=\"Compte rendu de l&#039;AG du 4 ao\u00fbt 2023 - Association VELO-HISTOIRE-TOURISME\" \/>\n<meta property=\"og:description\" content=\"COMPTE RENDU de la constitution de l\u2019Association V\u00e9lo-Histoire-Tourisme autour d\u2019Auriac-Lagast (VHTA) Assembl\u00e9e g\u00e9n\u00e9rale constitutive le 04 08 2023 \u00e0 17h au bourg, 12120 Auriac-Lagast Objet&nbsp;: R\u00e9union Assembl\u00e9e g\u00e9n\u00e9rale de l\u2019association V\u00e9lo-Histoire-Tourisme autour d\u2019Auriac-Lagast Pr\u00e9sents&nbsp;: Genevieve Nouyrigat, Pierre Daniel et un invit\u00e9 La pr\u00e9sidente de l\u2019association Genevi\u00e8ve Nouyrigat en qualit\u00e9 de secr\u00e9taire de s\u00e9ance et Pierre &hellip; Continuer la lecture de &laquo;&nbsp;Compte rendu de l&rsquo;AG du 4 ao\u00fbt 2023&nbsp;&raquo;\" \/>\n<meta property=\"og:url\" content=\"https:\/\/www.auriac-lagast.ovh\/?page_id=472\" \/>\n<meta property=\"og:site_name\" content=\"Association VELO-HISTOIRE-TOURISME\" \/>\n<meta property=\"article:modified_time\" content=\"2023-08-06T20:05:40+00:00\" \/>\n<meta name=\"twitter:card\" content=\"summary_large_image\" \/>\n<meta name=\"twitter:label1\" content=\"Dur\u00e9e de lecture estim\u00e9e\" \/>\n\t<meta name=\"twitter:data1\" content=\"3 minutes\" \/>\n<script type=\"application\/ld+json\" class=\"yoast-schema-graph\">{\"@context\":\"https:\/\/schema.org\",\"@graph\":[{\"@type\":\"WebPage\",\"@id\":\"https:\/\/www.auriac-lagast.ovh\/?page_id=472\",\"url\":\"https:\/\/www.auriac-lagast.ovh\/?page_id=472\",\"name\":\"Compte rendu de l'AG du 4 ao\u00fbt 2023 - Association VELO-HISTOIRE-TOURISME\",\"isPartOf\":{\"@id\":\"https:\/\/www.auriac-lagast.ovh\/#website\"},\"datePublished\":\"2023-08-04T17:44:11+00:00\",\"dateModified\":\"2023-08-06T20:05:40+00:00\",\"breadcrumb\":{\"@id\":\"https:\/\/www.auriac-lagast.ovh\/?page_id=472#breadcrumb\"},\"inLanguage\":\"fr-FR\",\"potentialAction\":[{\"@type\":\"ReadAction\",\"target\":[\"https:\/\/www.auriac-lagast.ovh\/?page_id=472\"]}]},{\"@type\":\"BreadcrumbList\",\"@id\":\"https:\/\/www.auriac-lagast.ovh\/?page_id=472#breadcrumb\",\"itemListElement\":[{\"@type\":\"ListItem\",\"position\":1,\"name\":\"Accueil\",\"item\":\"https:\/\/www.auriac-lagast.ovh\/\"},{\"@type\":\"ListItem\",\"position\":2,\"name\":\"Compte rendu de l&rsquo;AG du 4 ao\u00fbt 2023\"}]},{\"@type\":\"WebSite\",\"@id\":\"https:\/\/www.auriac-lagast.ovh\/#website\",\"url\":\"https:\/\/www.auriac-lagast.ovh\/\",\"name\":\"Association VELO-HISTOIRE-TOURISME\",\"description\":\"Auriac Lagast\",\"potentialAction\":[{\"@type\":\"SearchAction\",\"target\":{\"@type\":\"EntryPoint\",\"urlTemplate\":\"https:\/\/www.auriac-lagast.ovh\/?s={search_term_string}\"},\"query-input\":\"required name=search_term_string\"}],\"inLanguage\":\"fr-FR\"}]}<\/script>\n<!-- \/ Yoast SEO plugin. -->","yoast_head_json":{"title":"Compte rendu de l'AG du 4 ao\u00fbt 2023 - Association VELO-HISTOIRE-TOURISME","robots":{"index":"index","follow":"follow","max-snippet":"max-snippet:-1","max-image-preview":"max-image-preview:large","max-video-preview":"max-video-preview:-1"},"canonical":"https:\/\/www.auriac-lagast.ovh\/?page_id=472","og_locale":"fr_FR","og_type":"article","og_title":"Compte rendu de l'AG du 4 ao\u00fbt 2023 - Association VELO-HISTOIRE-TOURISME","og_description":"COMPTE RENDU de la constitution de l\u2019Association V\u00e9lo-Histoire-Tourisme autour d\u2019Auriac-Lagast (VHTA) Assembl\u00e9e g\u00e9n\u00e9rale constitutive le 04 08 2023 \u00e0 17h au bourg, 12120 Auriac-Lagast Objet&nbsp;: R\u00e9union Assembl\u00e9e g\u00e9n\u00e9rale de l\u2019association V\u00e9lo-Histoire-Tourisme autour d\u2019Auriac-Lagast Pr\u00e9sents&nbsp;: Genevieve Nouyrigat, Pierre Daniel et un invit\u00e9 La pr\u00e9sidente de l\u2019association Genevi\u00e8ve Nouyrigat en qualit\u00e9 de secr\u00e9taire de s\u00e9ance et Pierre &hellip; Continuer la lecture de &laquo;&nbsp;Compte rendu de l&rsquo;AG du 4 ao\u00fbt 2023&nbsp;&raquo;","og_url":"https:\/\/www.auriac-lagast.ovh\/?page_id=472","og_site_name":"Association VELO-HISTOIRE-TOURISME","article_modified_time":"2023-08-06T20:05:40+00:00","twitter_card":"summary_large_image","twitter_misc":{"Dur\u00e9e de lecture estim\u00e9e":"3 minutes"},"schema":{"@context":"https:\/\/schema.org","@graph":[{"@type":"WebPage","@id":"https:\/\/www.auriac-lagast.ovh\/?page_id=472","url":"https:\/\/www.auriac-lagast.ovh\/?page_id=472","name":"Compte rendu de l'AG du 4 ao\u00fbt 2023 - Association VELO-HISTOIRE-TOURISME","isPartOf":{"@id":"https:\/\/www.auriac-lagast.ovh\/#website"},"datePublished":"2023-08-04T17:44:11+00:00","dateModified":"2023-08-06T20:05:40+00:00","breadcrumb":{"@id":"https:\/\/www.auriac-lagast.ovh\/?page_id=472#breadcrumb"},"inLanguage":"fr-FR","potentialAction":[{"@type":"ReadAction","target":["https:\/\/www.auriac-lagast.ovh\/?page_id=472"]}]},{"@type":"BreadcrumbList","@id":"https:\/\/www.auriac-lagast.ovh\/?page_id=472#breadcrumb","itemListElement":[{"@type":"ListItem","position":1,"name":"Accueil","item":"https:\/\/www.auriac-lagast.ovh\/"},{"@type":"ListItem","position":2,"name":"Compte rendu de l&rsquo;AG du 4 ao\u00fbt 2023"}]},{"@type":"WebSite","@id":"https:\/\/www.auriac-lagast.ovh\/#website","url":"https:\/\/www.auriac-lagast.ovh\/","name":"Association VELO-HISTOIRE-TOURISME","description":"Auriac Lagast","potentialAction":[{"@type":"SearchAction","target":{"@type":"EntryPoint","urlTemplate":"https:\/\/www.auriac-lagast.ovh\/?s={search_term_string}"},"query-input":"required name=search_term_string"}],"inLanguage":"fr-FR"}]}},"_links":{"self":[{"href":"https:\/\/www.auriac-lagast.ovh\/index.php?rest_route=\/wp\/v2\/pages\/472"}],"collection":[{"href":"https:\/\/www.auriac-lagast.ovh\/index.php?rest_route=\/wp\/v2\/pages"}],"about":[{"href":"https:\/\/www.auriac-lagast.ovh\/index.php?rest_route=\/wp\/v2\/types\/page"}],"author":[{"embeddable":true,"href":"https:\/\/www.auriac-lagast.ovh\/index.php?rest_route=\/wp\/v2\/users\/1"}],"replies":[{"embeddable":true,"href":"https:\/\/www.auriac-lagast.ovh\/index.php?rest_route=%2Fwp%2Fv2%2Fcomments&post=472"}],"version-history":[{"count":7,"href":"https:\/\/www.auriac-lagast.ovh\/index.php?rest_route=\/wp\/v2\/pages\/472\/revisions"}],"predecessor-version":[{"id":485,"href":"https:\/\/www.auriac-lagast.ovh\/index.php?rest_route=\/wp\/v2\/pages\/472\/revisions\/485"}],"wp:attachment":[{"href":"https:\/\/www.auriac-lagast.ovh\/index.php?rest_route=%2Fwp%2Fv2%2Fmedia&parent=472"}],"curies":[{"name":"wp","href":"https:\/\/api.w.org\/{rel}","templated":true}]}}