{"id":469,"date":"2023-08-04T19:42:25","date_gmt":"2023-08-04T17:42:25","guid":{"rendered":"https:\/\/www.auriac-lagast.ovh\/?page_id=469"},"modified":"2023-08-04T19:42:26","modified_gmt":"2023-08-04T17:42:26","slug":"compte-rendu-de-lag-du-13-aout-2022","status":"publish","type":"page","link":"https:\/\/www.auriac-lagast.ovh\/?page_id=469","title":{"rendered":"Compte rendu de l&rsquo;AG du 13 ao\u00fbt 2022"},"content":{"rendered":"\n<p><strong>COMPTE RENDU de la constitution de l\u2019Association V\u00e9lo-Histoire-Tourisme autour d\u2019Auriac-Lagast (VHTA)<\/strong><\/p>\n\n\n\n<p><strong>Assembl\u00e9e g\u00e9n\u00e9rale constitutive le 13 08 2022 \u00e0 14h au bourg, 12120 Auriac Lagast<\/strong><\/p>\n\n\n\n<p><em><strong>Objet&nbsp;<\/strong><\/em>: constitution de l\u2019association V\u00e9lo-Histoire-Tourisme autour d\u2019Auriac-Lagast<\/p>\n\n\n\n<p><em><strong>Pr\u00e9sents<\/strong><\/em>&nbsp;:<\/p>\n\n\n\n<p>G\u00e9rard Gantou , Christine Serin, Antoine Rodriguez, Genevieve Nouyrigat, adresses&nbsp;: le bourg 12120 Auriac-Lagast. Pierre Defilippi, Virginie Bauer, adresses&nbsp;: Randan 12120 Auriac Lagast. Pierre Daniel, adresse 32 chemin de la p\u00e9lude 31400 Toulouse.<\/p>\n\n\n\n<p>L\u2019assembl\u00e9e g\u00e9n\u00e9rale d\u00e9signe Genevi\u00e8ve Nouyrigat en qualit\u00e9 de pr\u00e9sident de s\u00e9ance et Pierre Daniel en qualit\u00e9 de secr\u00e9taire de s\u00e9ance. Le pr\u00e9sident de s\u00e9ance met \u00e0 la disposition des pr\u00e9sents le projet de statuts de l\u2019association.<\/p>\n\n\n\n<p>La pr\u00e9sidente rappelle que l\u2019assembl\u00e9e g\u00e9n\u00e9rale constitutive est appel\u00e9e \u00e0 statuer sur l\u2019ordre du jour suivant&nbsp;: -pr\u00e9sentation du projet de constitution de l\u2019association&nbsp;; -pr\u00e9sentation du projet de statuts&nbsp;; -adoption des statuts&nbsp;; -d\u00e9signation du pr\u00e9sident et du tr\u00e9sorier de l\u2019association, -pouvoirs en vue des formalit\u00e9s de d\u00e9claration et publication.<\/p>\n\n\n\n<p>Enfin, le pr\u00e9sident expose les motifs du projet de cr\u00e9ation de l\u2019association et commente le projet de statuts. Il ouvre la discussion&nbsp;:<\/p>\n\n\n\n<p>La s\u00e9ance d\u00e9bute \u00e0 14h le 13\/08\/2022 en pr\u00e9sence de ces 7 personnes faisant du v\u00e9lo VTT et VTC, du v\u00e9lo de route et par toute personne susceptible d\u2019aider \u00e0 d\u00e9velopper cette activit\u00e9. Discussion selon le type de v\u00e9lo (VTT et VTC d\u2019un c\u00f4t\u00e9 et V\u00e9lo de route de l\u2019autre c\u00f4t\u00e9) pour identifier des circuits v\u00e9los.<\/p>\n\n\n\n<p>Mr Gantou faisant du v\u00e9lo de route propose de faire passer ses circuits v\u00e9lo sous forme de fichier GPX g\u00e9n\u00e9r\u00e9s par l\u2019application \u00ab&nbsp;Open Runner&nbsp;\u00bb.<\/p>\n\n\n\n<p>Virginie Bauer propose de nous mettre en contact avec des cyclistes de la commune de Salmiech pour avoir des circuits dans cette commune et les environs.<\/p>\n\n\n\n<p>Christine Serin propose de nous donner des circuits qu\u2019elle aime bien faire autour d\u2019Auriac en v\u00e9lo de route.<\/p>\n\n\n\n<p>Pierre Daniel va pr\u00e9parer le site internet en pr\u00e9parant les proc\u00e9dures pour la mise en place des circuits<\/p>\n\n\n\n<p>Antoine Rodriguez ayant un fils de 14 ans est int\u00e9ress\u00e9 pour que son fils et ses copains d\u00e9couvrent de nouveau terrain de VTT. Genevieve Nouyrigat lui propose de faire avec lui, son fils des reconnaissances de terrains.<\/p>\n\n\n\n<p>Une identification des besoins en v\u00e9lo sera analys\u00e9e le long de l\u2019ann\u00e9e pour proposer des circuits \u00e0 th\u00e8me.<\/p>\n\n\n\n<p><em><strong>En synth\u00e8se il est d\u00e9cid\u00e9 pour cette ann\u00e9e de<\/strong><\/em>&nbsp;:<\/p>\n\n\n\n<ul>\n<li>1- faire le site internet avec des circuits- v\u00e9lo- autour d\u2019Auriac Lagast pour le v\u00e9lo de route et VTT-VTC (\u00e9lectrique ou non \u00e9lectrique)<\/li>\n\n\n\n<li>2-Identifier des circuits v\u00e9lo de route et des circuits v\u00e9lo VTT (v\u00e9lo tout terrain) ou VTC (V\u00e9lo tout chemin). Le v\u00e9lo \u00e9lectrique se pr\u00eatant tr\u00e8s bien \u00e0 notre r\u00e9gion, les circuits seront \u00e9tendus au-del\u00e0 d\u2019Auriac-Lagast, vers les communes voisines. Exemple, circuit d\u2019Auriac-Lagast vers Villefranche de Panat avec circuit diff\u00e9rent entre v\u00e9lo de route et VTT\/VTC.<\/li>\n\n\n\n<li>3-Mettre en place des circuits \u00e0 th\u00e8mes&nbsp;: par exemple&nbsp;: circuit autour du miel (exemple d\u2019un circuit p\u00e9dagogique), circuit bien-\u00eatre (reprendre la pratique du v\u00e9lo avec v\u00e9lo \u00e9lectrique), circuit historique, circuit forestier, circuit avec mus\u00e9e du charroi et sa for\u00eat environnante\u2026<\/li>\n\n\n\n<li>4-Voir les possibilit\u00e9s de subvention de v\u00e9lo \u00e9lectrique qui pourraient \u00eatre mis en place pour des pr\u00eats les ann\u00e9es ult\u00e9rieures.<\/li>\n<\/ul>\n\n\n\n<p><em><strong>D\u00e9lib\u00e9ration&nbsp;<\/strong><\/em>:<\/p>\n\n\n\n<ul>\n<li><strong>1<\/strong><sup><strong>\u00e8re<\/strong><\/sup><strong> d\u00e9lib\u00e9ration&nbsp;:<\/strong> L\u2019assembl\u00e9e g\u00e9n\u00e9rale adopte les statuts dont le projet lui a \u00e9t\u00e9 soumis (\u00e0 l\u2019unanimit\u00e9).<\/li>\n<\/ul>\n\n\n\n<ul>\n<li><strong>2<\/strong><sup><strong>\u00e8me<\/strong><\/sup><strong> d\u00e9lib\u00e9ration&nbsp;:<\/strong> L\u2019assembl\u00e9e g\u00e9n\u00e9rale constitutive d\u00e9signe en qualit\u00e9&nbsp;:<\/li>\n<\/ul>\n\n\n\n<ul>\n<li>De pr\u00e9sidente&nbsp;: Madame&nbsp;Nouyrigat Genevieve, de nationalit\u00e9 fran\u00e7aise, habitant au bourg 12120 Auriac Lagast, maitre de conf\u00e9rences. La pr\u00e9sidente cumule les fonctions de pr\u00e9sidente et de secr\u00e9taire.<\/li>\n<\/ul>\n\n\n\n<ul>\n<li><a><\/a> De tr\u00e9sorier&nbsp;: Monsieur DANIEL Pierre, de nationalit\u00e9 fran\u00e7aise, 32 chemin de la p\u00e9lude 31400 Toulouse, ing\u00e9nieur.<\/li>\n<\/ul>\n\n\n\n<ul>\n<li>Conform\u00e9ment aux statuts, ces d\u00e9signations sont faites pour une dur\u00e9e expirant lors de la prochaine assembl\u00e9e g\u00e9n\u00e9rale dans un an en 2023<\/li>\n\n\n\n<li>Les membres du conseil ainsi d\u00e9sign\u00e9s acceptent leurs fonctions<\/li>\n\n\n\n<li>La s\u00e9ance se termine vers 16h autour d\u2019un caf\u00e9 et d\u2019une tarte aux m\u00fbres.<\/li>\n<\/ul>\n\n\n\n<p>A Auriac-Lagast, le 13 ao\u00fbt 2022<\/p>\n\n\n\n<ul>\n<li><\/li>\n\n\n\n<li><\/li>\n\n\n\n<li><strong>Signature<\/strong><\/li>\n\n\n\n<li><strong>Genevieve Nouyrigat Pierre Daniel<\/strong><\/li>\n\n\n\n<li><\/li>\n<\/ul>\n","protected":false},"excerpt":{"rendered":"<p>COMPTE RENDU de la constitution de l\u2019Association V\u00e9lo-Histoire-Tourisme autour d\u2019Auriac-Lagast (VHTA) Assembl\u00e9e g\u00e9n\u00e9rale constitutive le 13 08 2022 \u00e0 14h au bourg, 12120 Auriac Lagast Objet&nbsp;: constitution de l\u2019association V\u00e9lo-Histoire-Tourisme autour d\u2019Auriac-Lagast Pr\u00e9sents&nbsp;: G\u00e9rard Gantou , Christine Serin, Antoine Rodriguez, Genevieve Nouyrigat, adresses&nbsp;: le bourg 12120 Auriac-Lagast. Pierre Defilippi, Virginie Bauer, adresses&nbsp;: Randan 12120 Auriac &hellip; <\/p>\n<p class=\"link-more\"><a href=\"https:\/\/www.auriac-lagast.ovh\/?page_id=469\" class=\"more-link\">Continuer la lecture<span class=\"screen-reader-text\"> de &laquo;&nbsp;Compte rendu de l&rsquo;AG du 13 ao\u00fbt 2022&nbsp;&raquo;<\/span><\/a><\/p>\n","protected":false},"author":1,"featured_media":0,"parent":0,"menu_order":0,"comment_status":"closed","ping_status":"closed","template":"","meta":[],"yoast_head":"<!-- This site is optimized with the Yoast SEO plugin v20.12 - https:\/\/yoast.com\/wordpress\/plugins\/seo\/ -->\n<title>Compte rendu de l&#039;AG du 13 ao\u00fbt 2022 - Association VELO-HISTOIRE-TOURISME<\/title>\n<meta name=\"robots\" content=\"index, follow, max-snippet:-1, max-image-preview:large, max-video-preview:-1\" \/>\n<link rel=\"canonical\" href=\"https:\/\/www.auriac-lagast.ovh\/?page_id=469\" \/>\n<meta property=\"og:locale\" content=\"fr_FR\" \/>\n<meta property=\"og:type\" content=\"article\" \/>\n<meta property=\"og:title\" content=\"Compte rendu de l&#039;AG du 13 ao\u00fbt 2022 - Association VELO-HISTOIRE-TOURISME\" \/>\n<meta property=\"og:description\" content=\"COMPTE RENDU de la constitution de l\u2019Association V\u00e9lo-Histoire-Tourisme autour d\u2019Auriac-Lagast (VHTA) Assembl\u00e9e g\u00e9n\u00e9rale constitutive le 13 08 2022 \u00e0 14h au bourg, 12120 Auriac Lagast Objet&nbsp;: constitution de l\u2019association V\u00e9lo-Histoire-Tourisme autour d\u2019Auriac-Lagast Pr\u00e9sents&nbsp;: G\u00e9rard Gantou , Christine Serin, Antoine Rodriguez, Genevieve Nouyrigat, adresses&nbsp;: le bourg 12120 Auriac-Lagast. Pierre Defilippi, Virginie Bauer, adresses&nbsp;: Randan 12120 Auriac &hellip; Continuer la lecture de &laquo;&nbsp;Compte rendu de l&rsquo;AG du 13 ao\u00fbt 2022&nbsp;&raquo;\" \/>\n<meta property=\"og:url\" content=\"https:\/\/www.auriac-lagast.ovh\/?page_id=469\" \/>\n<meta property=\"og:site_name\" content=\"Association VELO-HISTOIRE-TOURISME\" \/>\n<meta property=\"article:modified_time\" content=\"2023-08-04T17:42:26+00:00\" \/>\n<meta name=\"twitter:card\" content=\"summary_large_image\" \/>\n<meta name=\"twitter:label1\" content=\"Dur\u00e9e de lecture estim\u00e9e\" \/>\n\t<meta name=\"twitter:data1\" content=\"4 minutes\" \/>\n<script type=\"application\/ld+json\" class=\"yoast-schema-graph\">{\"@context\":\"https:\/\/schema.org\",\"@graph\":[{\"@type\":\"WebPage\",\"@id\":\"https:\/\/www.auriac-lagast.ovh\/?page_id=469\",\"url\":\"https:\/\/www.auriac-lagast.ovh\/?page_id=469\",\"name\":\"Compte rendu de l'AG du 13 ao\u00fbt 2022 - Association VELO-HISTOIRE-TOURISME\",\"isPartOf\":{\"@id\":\"https:\/\/www.auriac-lagast.ovh\/#website\"},\"datePublished\":\"2023-08-04T17:42:25+00:00\",\"dateModified\":\"2023-08-04T17:42:26+00:00\",\"breadcrumb\":{\"@id\":\"https:\/\/www.auriac-lagast.ovh\/?page_id=469#breadcrumb\"},\"inLanguage\":\"fr-FR\",\"potentialAction\":[{\"@type\":\"ReadAction\",\"target\":[\"https:\/\/www.auriac-lagast.ovh\/?page_id=469\"]}]},{\"@type\":\"BreadcrumbList\",\"@id\":\"https:\/\/www.auriac-lagast.ovh\/?page_id=469#breadcrumb\",\"itemListElement\":[{\"@type\":\"ListItem\",\"position\":1,\"name\":\"Accueil\",\"item\":\"https:\/\/www.auriac-lagast.ovh\/\"},{\"@type\":\"ListItem\",\"position\":2,\"name\":\"Compte rendu de l&rsquo;AG du 13 ao\u00fbt 2022\"}]},{\"@type\":\"WebSite\",\"@id\":\"https:\/\/www.auriac-lagast.ovh\/#website\",\"url\":\"https:\/\/www.auriac-lagast.ovh\/\",\"name\":\"Association VELO-HISTOIRE-TOURISME\",\"description\":\"Auriac Lagast\",\"potentialAction\":[{\"@type\":\"SearchAction\",\"target\":{\"@type\":\"EntryPoint\",\"urlTemplate\":\"https:\/\/www.auriac-lagast.ovh\/?s={search_term_string}\"},\"query-input\":\"required name=search_term_string\"}],\"inLanguage\":\"fr-FR\"}]}<\/script>\n<!-- \/ Yoast SEO plugin. -->","yoast_head_json":{"title":"Compte rendu de l'AG du 13 ao\u00fbt 2022 - Association VELO-HISTOIRE-TOURISME","robots":{"index":"index","follow":"follow","max-snippet":"max-snippet:-1","max-image-preview":"max-image-preview:large","max-video-preview":"max-video-preview:-1"},"canonical":"https:\/\/www.auriac-lagast.ovh\/?page_id=469","og_locale":"fr_FR","og_type":"article","og_title":"Compte rendu de l'AG du 13 ao\u00fbt 2022 - Association VELO-HISTOIRE-TOURISME","og_description":"COMPTE RENDU de la constitution de l\u2019Association V\u00e9lo-Histoire-Tourisme autour d\u2019Auriac-Lagast (VHTA) Assembl\u00e9e g\u00e9n\u00e9rale constitutive le 13 08 2022 \u00e0 14h au bourg, 12120 Auriac Lagast Objet&nbsp;: constitution de l\u2019association V\u00e9lo-Histoire-Tourisme autour d\u2019Auriac-Lagast Pr\u00e9sents&nbsp;: G\u00e9rard Gantou , Christine Serin, Antoine Rodriguez, Genevieve Nouyrigat, adresses&nbsp;: le bourg 12120 Auriac-Lagast. Pierre Defilippi, Virginie Bauer, adresses&nbsp;: Randan 12120 Auriac &hellip; Continuer la lecture de &laquo;&nbsp;Compte rendu de l&rsquo;AG du 13 ao\u00fbt 2022&nbsp;&raquo;","og_url":"https:\/\/www.auriac-lagast.ovh\/?page_id=469","og_site_name":"Association VELO-HISTOIRE-TOURISME","article_modified_time":"2023-08-04T17:42:26+00:00","twitter_card":"summary_large_image","twitter_misc":{"Dur\u00e9e de lecture estim\u00e9e":"4 minutes"},"schema":{"@context":"https:\/\/schema.org","@graph":[{"@type":"WebPage","@id":"https:\/\/www.auriac-lagast.ovh\/?page_id=469","url":"https:\/\/www.auriac-lagast.ovh\/?page_id=469","name":"Compte rendu de l'AG du 13 ao\u00fbt 2022 - Association VELO-HISTOIRE-TOURISME","isPartOf":{"@id":"https:\/\/www.auriac-lagast.ovh\/#website"},"datePublished":"2023-08-04T17:42:25+00:00","dateModified":"2023-08-04T17:42:26+00:00","breadcrumb":{"@id":"https:\/\/www.auriac-lagast.ovh\/?page_id=469#breadcrumb"},"inLanguage":"fr-FR","potentialAction":[{"@type":"ReadAction","target":["https:\/\/www.auriac-lagast.ovh\/?page_id=469"]}]},{"@type":"BreadcrumbList","@id":"https:\/\/www.auriac-lagast.ovh\/?page_id=469#breadcrumb","itemListElement":[{"@type":"ListItem","position":1,"name":"Accueil","item":"https:\/\/www.auriac-lagast.ovh\/"},{"@type":"ListItem","position":2,"name":"Compte rendu de l&rsquo;AG du 13 ao\u00fbt 2022"}]},{"@type":"WebSite","@id":"https:\/\/www.auriac-lagast.ovh\/#website","url":"https:\/\/www.auriac-lagast.ovh\/","name":"Association VELO-HISTOIRE-TOURISME","description":"Auriac Lagast","potentialAction":[{"@type":"SearchAction","target":{"@type":"EntryPoint","urlTemplate":"https:\/\/www.auriac-lagast.ovh\/?s={search_term_string}"},"query-input":"required name=search_term_string"}],"inLanguage":"fr-FR"}]}},"_links":{"self":[{"href":"https:\/\/www.auriac-lagast.ovh\/index.php?rest_route=\/wp\/v2\/pages\/469"}],"collection":[{"href":"https:\/\/www.auriac-lagast.ovh\/index.php?rest_route=\/wp\/v2\/pages"}],"about":[{"href":"https:\/\/www.auriac-lagast.ovh\/index.php?rest_route=\/wp\/v2\/types\/page"}],"author":[{"embeddable":true,"href":"https:\/\/www.auriac-lagast.ovh\/index.php?rest_route=\/wp\/v2\/users\/1"}],"replies":[{"embeddable":true,"href":"https:\/\/www.auriac-lagast.ovh\/index.php?rest_route=%2Fwp%2Fv2%2Fcomments&post=469"}],"version-history":[{"count":1,"href":"https:\/\/www.auriac-lagast.ovh\/index.php?rest_route=\/wp\/v2\/pages\/469\/revisions"}],"predecessor-version":[{"id":470,"href":"https:\/\/www.auriac-lagast.ovh\/index.php?rest_route=\/wp\/v2\/pages\/469\/revisions\/470"}],"wp:attachment":[{"href":"https:\/\/www.auriac-lagast.ovh\/index.php?rest_route=%2Fwp%2Fv2%2Fmedia&parent=469"}],"curies":[{"name":"wp","href":"https:\/\/api.w.org\/{rel}","templated":true}]}}