{"id":465,"date":"2023-08-04T19:38:56","date_gmt":"2023-08-04T17:38:56","guid":{"rendered":"https:\/\/www.auriac-lagast.ovh\/?page_id=465"},"modified":"2023-08-04T19:38:56","modified_gmt":"2023-08-04T17:38:56","slug":"statuts-de-lassociation-vel0-histoire-et-tourismevhta","status":"publish","type":"page","link":"https:\/\/www.auriac-lagast.ovh\/?page_id=465","title":{"rendered":"<strong>STATUTS de l\u2019ASSOCIATION VEL0 HISTOIRE ET TOURISME(VHTA)<\/strong>"},"content":{"rendered":"\n<p><strong>STATUTS de l\u2019ASSOCIATION VEL0 HISTOIRE ET TOURISME<\/strong><sup><\/sup><strong>(VHTA)<\/strong><\/p>\n\n\n\n<p><strong>Propos\u00e9 aux associations d\u00e9clar\u00e9es par application de la<\/strong><\/p>\n\n\n\n<p><strong>loi du 1<\/strong><sup><strong>er<\/strong><\/sup><strong> juillet 1901 d\u00e9cret du 16 ao\u00fbt 1901.<\/strong><\/p>\n\n\n\n<p><strong>ARTICLE PREMIER \u2013<\/strong><\/p>\n\n\n\n<p><strong>NOM&nbsp;: VELO-HISTOIRE-TOURISME autour d\u2019Auriac (VHTA))<\/strong><br><br>Il est fond\u00e9 entre les adh\u00e9rents aux pr\u00e9sents statuts une association r\u00e9gie par la loi du 1<sup>er<\/sup> juillet 1901 et le d\u00e9cret du 16 ao\u00fbt 1901, ayant pour titre : V\u00e9lo- Histoire &#8211; Tourisme<br><br><br><strong>ARTICLE 2 &#8211; BUT OBJET<\/strong><br>Cette association a pour objet de mettre en place des circuits touristiques V\u00e9lo (VTT, VTC, V\u00e9lo de route), dans le but de d\u00e9couvrir la r\u00e9gion et son histoire. Par le biais&nbsp;:<\/p>\n\n\n\n<p>De la mise en place de circuits touristiques V\u00e9lo dans la r\u00e9gion d\u2019Auriac-Lagast<\/p>\n\n\n\n<p>De proposer des circuits V\u00e9lo sur un site Internet<\/p>\n\n\n\n<p>De faire du v\u00e9lo pour la remise en forme<\/p>\n\n\n\n<p>De raconter l\u2019histoire de la r\u00e9gion \u00e0 partir de certains circuits<\/p>\n\n\n\n<p>D\u2019animations autour du v\u00e9lo.<\/p>\n\n\n\n<p><strong>ARTICLE 3 &#8211; SI\u00c8GE SOCIAL<\/strong><br>Le si\u00e8ge social est fix\u00e9 \u00e0&nbsp;:<\/p>\n\n\n\n<p>Salle de r\u00e9union<\/p>\n\n\n\n<p>Mairie d\u2019Auriac -Lagast 12120<\/p>\n\n\n\n<p><br><br><strong>Article 4 &#8211; DUREE<\/strong><\/p>\n\n\n\n<p>La dur\u00e9e de l\u2019association est illimit\u00e9e.<\/p>\n\n\n\n<p><em>.<\/em><\/p>\n\n\n\n<p><strong>ARTICLE 5 &#8211; COMPOSITION<\/strong><\/p>\n\n\n\n<p>Nature ou qualit\u00e9 des membres&nbsp;: personnes physiques de tout \u00e2ge.<br><br><\/p>\n\n\n\n<p><br><strong>ARTICLE 6 &#8211; ADMISSION<\/strong><br>L\u2019association est ouverte \u00e0 tous, sans condition ni distinction.<\/p>\n\n\n\n<p>La libert\u00e9 d\u2019association se d\u00e9cline en deux aspects&nbsp;: chacun a le droit d\u2019adh\u00e9rer ou non \u00e0 une association&nbsp;; une association est libre de choisir ses adh\u00e9rents.<\/p>\n\n\n\n<p><strong>ARTICLE 7 &#8211; MEMBRES \u2013 COTISATIONS<\/strong><br>Sont membres actifs ceux qui ont pris l&rsquo;engagement de verser annuellement une somme de 10 \u20ac \u00e0 titre de cotisation par an.<br>Sont membres d&rsquo;honneur ceux qui ont rendu des services signal\u00e9s \u00e0 l&rsquo;association ; ils sont dispens\u00e9s de cotisations ;<br>Les membres de l\u2019associations payant une cotisation votent \u00e0 l\u2019assembl\u00e9e g\u00e9n\u00e9rale. C\u2019est l\u2019assembl\u00e9e qui fixe le montant des cotisations<br><br><br><\/p>\n\n\n\n<p><strong>ARTICLE 8. &#8211; RADIATIONS<\/strong><br>La qualit\u00e9 de membre se perd par :<\/p>\n\n\n\n<p><br>a) La d\u00e9mission ;<br>b) Le d\u00e9c\u00e8s ;<br>c) La radiation prononc\u00e9e par le conseil d&rsquo;administration pour non-paiement de la cotisation ou pour motif grave, l&rsquo;int\u00e9ress\u00e9 ayant \u00e9t\u00e9 invit\u00e9 <em>(par lettre recommand\u00e9e)<\/em> \u00e0 fournir des explications devant le bureau et\/ou par \u00e9crit.<br><br><br><strong>ARTICLE 9. &#8211; AFFILIATION<\/strong><\/p>\n\n\n\n<p>Pas d\u2019affiliation<\/p>\n\n\n\n<p><strong>ARTICLE 10. &#8211; RESSOURCES<\/strong><br>Les ressources de l&rsquo;association comprennent :<\/p>\n\n\n\n<p><br>1\u00b0 Le montant des cotisations ;<br>2\u00b0 Les subventions de l&rsquo;Etat, des d\u00e9partements et des communes.<br>3\u00b0 Toutes les ressources autoris\u00e9es par les lois et r\u00e8glements en vigueur<em>.&nbsp;<br><\/em><br><br><strong>ARTICLE 11 &#8211; ASSEMBLEE GENERALE ORDINAIRE<\/strong><br>L&rsquo;assembl\u00e9e g\u00e9n\u00e9rale ordinaire comprend tous les membres de l&rsquo;association \u00e0 quelque titre qu&rsquo;ils soient.<\/p>\n\n\n\n<p>Elle se r\u00e9unit chaque ann\u00e9e.<br><br>Quinze jours au moins avant la date fix\u00e9e, les membres de l&rsquo;association sont convoqu\u00e9s par les soins du secr\u00e9taire. L&rsquo;ordre du jour figure sur les convocations.<\/p>\n\n\n\n<p><br>Le pr\u00e9sident, assist\u00e9 des membres du conseil, pr\u00e9side l&rsquo;assembl\u00e9e et expose la situation morale ou l\u2019activit\u00e9 de l&rsquo;association.<br>Le tr\u00e9sorier rend compte de sa gestion et soumet les comptes annuels (bilan, compte de r\u00e9sultat et annexe) \u00e0 l&rsquo;approbation de l&rsquo;assembl\u00e9e.<\/p>\n\n\n\n<p><br>L\u2019assembl\u00e9e g\u00e9n\u00e9rale fixe le montant des cotisations annuelles \u00e0 verser par les diff\u00e9rentes cat\u00e9gories de membres.<\/p>\n\n\n\n<p>Ne peuvent \u00eatre abord\u00e9s que les points inscrits \u00e0 l&rsquo;ordre du jour.<br><br><\/p>\n\n\n\n<p>Les d\u00e9cisions sont prises \u00e0 la majorit\u00e9 des voix des membres pr\u00e9sents ou repr\u00e9sent\u00e9s<\/p>\n\n\n\n<p><br>Les conditions de quorum se font \u00e0 la majorit\u00e9 des voix exprim\u00e9e pour la validit\u00e9 des d\u00e9lib\u00e9rations de l&rsquo;assembl\u00e9e g\u00e9n\u00e9rale ordinaire.<br>Toutes les d\u00e9lib\u00e9rations sont prises \u00e0 main lev\u00e9e ou \u00e0 vote secret selon la d\u00e9cision d\u2019un membre de l\u2019association. Les d\u00e9cisions des assembl\u00e9es g\u00e9n\u00e9rales s\u2019imposent \u00e0 tous les membres, y compris absents ou repr\u00e9sent\u00e9s.<br><br><strong>ARTICLE 12 &#8211; ASSEMBLEE GENERALE EXTRAORDINAIRE<\/strong><br>Si besoin est, ou sur la demande d\u2019un quart des membres, le pr\u00e9sident peut convoquer une assembl\u00e9e g\u00e9n\u00e9rale extraordinaire, suivant les modalit\u00e9s pr\u00e9vues aux pr\u00e9sents statuts et uniquement pour modification des statuts ou la dissolution ou pour des actes portant sur des immeubles.<\/p>\n\n\n\n<p>Les modalit\u00e9s de convocation sont les m\u00eames que pour l\u2019assembl\u00e9e g\u00e9n\u00e9rale ordinaire.<\/p>\n\n\n\n<p>Les d\u00e9lib\u00e9rations sont prises \u00e0 la majorit\u00e9 des membres pr\u00e9sents.<br><br><\/p>\n\n\n\n<p><br><strong>ARTICLE 13 &#8211; CONSEIL D&rsquo;ADMINISTRATION<\/strong><br><em>La loi de 1901 n\u2019impose pas l\u2019existence d\u2019un conseil d\u2019administration.<\/em><br><br><\/p>\n\n\n\n<p><br><strong>ARTICLE 14 \u2013 LE BUREAU<\/strong><br>Le bureau est compos\u00e9 :<\/p>\n\n\n\n<p><br>1) d\u2019un-e- pr\u00e9sident-e- ; Genevi\u00e8ve NOUYRIGAT<br>2) d\u2019 un-e- secr\u00e9taire; Genevi\u00e8ve NOUYRIGAT<br>3) d\u2019un-e- tr\u00e9sorier-e Pierre DANIEL<\/p>\n\n\n\n<p><br>Les fonctions de pr\u00e9sident et de tr\u00e9sorier ne sont pas cumulables<em>.<\/em><\/p>\n\n\n\n<p><strong>ARTICLE 15 \u2013 INDEMNITES<\/strong><\/p>\n\n\n\n<p>Toutes les fonctions, y compris celles des membres du conseil d\u2019administration et du bureau, sont gratuites et b\u00e9n\u00e9voles. Seuls les frais occasionn\u00e9s par l\u2019accomplissement de leur mandat sont rembours\u00e9s sur justificatifs. Le rapport financier pr\u00e9sent\u00e9 \u00e0 l\u2019assembl\u00e9e g\u00e9n\u00e9rale ordinaire pr\u00e9sente, par b\u00e9n\u00e9ficiaire, les remboursements de frais de mission, de d\u00e9placement ou de repr\u00e9sentation.<\/p>\n\n\n\n<p><strong>ARTICLE &#8211; 16 &#8211; REGLEMENT INTERIEUR<\/strong><br><br>N\u00e9ant<br><br><\/p>\n\n\n\n<p><strong>ARTICLE &#8211; 17 &#8211; DISSOLUTION<\/strong><br>En cas de dissolution prononc\u00e9e selon les modalit\u00e9s pr\u00e9vues \u00e0 l\u2019article 12, un ou plusieurs liquidateurs sont nomm\u00e9s, et l&rsquo;actif net, s&rsquo;il y a lieu, est d\u00e9volu \u00e0 un organisme ayant un but non lucratif <em>(ou \u00e0 une association ayant des buts similaires) <\/em>conform\u00e9ment aux d\u00e9cisions de l\u2019assembl\u00e9e g\u00e9n\u00e9rale extraordinaire qui statue sur la dissolution. L\u2019actif net ne peut \u00eatre d\u00e9volu \u00e0 un membre de l\u2019association, m\u00eame partiellement, sauf reprise d\u2019un apport.<\/p>\n\n\n\n<p>Fait \u00e0 Auriac-Lagast, le 13 ao\u00fbt 2022<\/p>\n\n\n\n<p><em>Signatures des repr\u00e9sentants ,<\/em><\/p>\n\n\n\n<p><em>Genevi\u00e8ve NOUYRIGAT, Pierre DANIEL, Tr\u00e9sorier,<\/em><\/p>\n\n\n\n<p><em>Pr\u00e9sidente, Secr\u00e9taire<\/em><\/p>\n","protected":false},"excerpt":{"rendered":"<p>STATUTS de l\u2019ASSOCIATION VEL0 HISTOIRE ET TOURISME(VHTA) Propos\u00e9 aux associations d\u00e9clar\u00e9es par application de la loi du 1er juillet 1901 d\u00e9cret du 16 ao\u00fbt 1901. ARTICLE PREMIER \u2013 NOM&nbsp;: VELO-HISTOIRE-TOURISME autour d\u2019Auriac (VHTA)) Il est fond\u00e9 entre les adh\u00e9rents aux pr\u00e9sents statuts une association r\u00e9gie par la loi du 1er juillet 1901 et le d\u00e9cret &hellip; <\/p>\n<p class=\"link-more\"><a href=\"https:\/\/www.auriac-lagast.ovh\/?page_id=465\" class=\"more-link\">Continuer la lecture<span class=\"screen-reader-text\"> de &laquo;&nbsp;<strong>STATUTS de l\u2019ASSOCIATION VEL0 HISTOIRE ET TOURISME(VHTA)<\/strong>&nbsp;&raquo;<\/span><\/a><\/p>\n","protected":false},"author":1,"featured_media":0,"parent":0,"menu_order":0,"comment_status":"closed","ping_status":"closed","template":"","meta":[],"yoast_head":"<!-- This site is optimized with the Yoast SEO plugin v20.12 - https:\/\/yoast.com\/wordpress\/plugins\/seo\/ -->\n<title>STATUTS de l\u2019ASSOCIATION VEL0 HISTOIRE ET TOURISME(VHTA) - Association VELO-HISTOIRE-TOURISME<\/title>\n<meta name=\"robots\" content=\"index, follow, max-snippet:-1, max-image-preview:large, max-video-preview:-1\" \/>\n<link rel=\"canonical\" href=\"https:\/\/www.auriac-lagast.ovh\/?page_id=465\" \/>\n<meta property=\"og:locale\" content=\"fr_FR\" \/>\n<meta property=\"og:type\" content=\"article\" \/>\n<meta property=\"og:title\" content=\"STATUTS de l\u2019ASSOCIATION VEL0 HISTOIRE ET TOURISME(VHTA) - Association VELO-HISTOIRE-TOURISME\" \/>\n<meta property=\"og:description\" content=\"STATUTS de l\u2019ASSOCIATION VEL0 HISTOIRE ET TOURISME(VHTA) Propos\u00e9 aux associations d\u00e9clar\u00e9es par application de la loi du 1er juillet 1901 d\u00e9cret du 16 ao\u00fbt 1901. ARTICLE PREMIER \u2013 NOM&nbsp;: VELO-HISTOIRE-TOURISME autour d\u2019Auriac (VHTA)) Il est fond\u00e9 entre les adh\u00e9rents aux pr\u00e9sents statuts une association r\u00e9gie par la loi du 1er juillet 1901 et le d\u00e9cret &hellip; Continuer la lecture de &laquo;&nbsp;STATUTS de l\u2019ASSOCIATION VEL0 HISTOIRE ET TOURISME(VHTA)&nbsp;&raquo;\" \/>\n<meta property=\"og:url\" content=\"https:\/\/www.auriac-lagast.ovh\/?page_id=465\" \/>\n<meta property=\"og:site_name\" content=\"Association VELO-HISTOIRE-TOURISME\" \/>\n<meta name=\"twitter:card\" content=\"summary_large_image\" \/>\n<meta name=\"twitter:label1\" content=\"Dur\u00e9e de lecture estim\u00e9e\" \/>\n\t<meta name=\"twitter:data1\" content=\"5 minutes\" \/>\n<script type=\"application\/ld+json\" class=\"yoast-schema-graph\">{\"@context\":\"https:\/\/schema.org\",\"@graph\":[{\"@type\":\"WebPage\",\"@id\":\"https:\/\/www.auriac-lagast.ovh\/?page_id=465\",\"url\":\"https:\/\/www.auriac-lagast.ovh\/?page_id=465\",\"name\":\"STATUTS de l\u2019ASSOCIATION VEL0 HISTOIRE ET TOURISME(VHTA) - Association VELO-HISTOIRE-TOURISME\",\"isPartOf\":{\"@id\":\"https:\/\/www.auriac-lagast.ovh\/#website\"},\"datePublished\":\"2023-08-04T17:38:56+00:00\",\"dateModified\":\"2023-08-04T17:38:56+00:00\",\"breadcrumb\":{\"@id\":\"https:\/\/www.auriac-lagast.ovh\/?page_id=465#breadcrumb\"},\"inLanguage\":\"fr-FR\",\"potentialAction\":[{\"@type\":\"ReadAction\",\"target\":[\"https:\/\/www.auriac-lagast.ovh\/?page_id=465\"]}]},{\"@type\":\"BreadcrumbList\",\"@id\":\"https:\/\/www.auriac-lagast.ovh\/?page_id=465#breadcrumb\",\"itemListElement\":[{\"@type\":\"ListItem\",\"position\":1,\"name\":\"Accueil\",\"item\":\"https:\/\/www.auriac-lagast.ovh\/\"},{\"@type\":\"ListItem\",\"position\":2,\"name\":\"STATUTS de l\u2019ASSOCIATION VEL0 HISTOIRE ET TOURISME(VHTA)\"}]},{\"@type\":\"WebSite\",\"@id\":\"https:\/\/www.auriac-lagast.ovh\/#website\",\"url\":\"https:\/\/www.auriac-lagast.ovh\/\",\"name\":\"Association VELO-HISTOIRE-TOURISME\",\"description\":\"Auriac Lagast\",\"potentialAction\":[{\"@type\":\"SearchAction\",\"target\":{\"@type\":\"EntryPoint\",\"urlTemplate\":\"https:\/\/www.auriac-lagast.ovh\/?s={search_term_string}\"},\"query-input\":\"required name=search_term_string\"}],\"inLanguage\":\"fr-FR\"}]}<\/script>\n<!-- \/ Yoast SEO plugin. -->","yoast_head_json":{"title":"STATUTS de l\u2019ASSOCIATION VEL0 HISTOIRE ET TOURISME(VHTA) - Association VELO-HISTOIRE-TOURISME","robots":{"index":"index","follow":"follow","max-snippet":"max-snippet:-1","max-image-preview":"max-image-preview:large","max-video-preview":"max-video-preview:-1"},"canonical":"https:\/\/www.auriac-lagast.ovh\/?page_id=465","og_locale":"fr_FR","og_type":"article","og_title":"STATUTS de l\u2019ASSOCIATION VEL0 HISTOIRE ET TOURISME(VHTA) - Association VELO-HISTOIRE-TOURISME","og_description":"STATUTS de l\u2019ASSOCIATION VEL0 HISTOIRE ET TOURISME(VHTA) Propos\u00e9 aux associations d\u00e9clar\u00e9es par application de la loi du 1er juillet 1901 d\u00e9cret du 16 ao\u00fbt 1901. ARTICLE PREMIER \u2013 NOM&nbsp;: VELO-HISTOIRE-TOURISME autour d\u2019Auriac (VHTA)) Il est fond\u00e9 entre les adh\u00e9rents aux pr\u00e9sents statuts une association r\u00e9gie par la loi du 1er juillet 1901 et le d\u00e9cret &hellip; Continuer la lecture de &laquo;&nbsp;STATUTS de l\u2019ASSOCIATION VEL0 HISTOIRE ET TOURISME(VHTA)&nbsp;&raquo;","og_url":"https:\/\/www.auriac-lagast.ovh\/?page_id=465","og_site_name":"Association VELO-HISTOIRE-TOURISME","twitter_card":"summary_large_image","twitter_misc":{"Dur\u00e9e de lecture estim\u00e9e":"5 minutes"},"schema":{"@context":"https:\/\/schema.org","@graph":[{"@type":"WebPage","@id":"https:\/\/www.auriac-lagast.ovh\/?page_id=465","url":"https:\/\/www.auriac-lagast.ovh\/?page_id=465","name":"STATUTS de l\u2019ASSOCIATION VEL0 HISTOIRE ET TOURISME(VHTA) - Association VELO-HISTOIRE-TOURISME","isPartOf":{"@id":"https:\/\/www.auriac-lagast.ovh\/#website"},"datePublished":"2023-08-04T17:38:56+00:00","dateModified":"2023-08-04T17:38:56+00:00","breadcrumb":{"@id":"https:\/\/www.auriac-lagast.ovh\/?page_id=465#breadcrumb"},"inLanguage":"fr-FR","potentialAction":[{"@type":"ReadAction","target":["https:\/\/www.auriac-lagast.ovh\/?page_id=465"]}]},{"@type":"BreadcrumbList","@id":"https:\/\/www.auriac-lagast.ovh\/?page_id=465#breadcrumb","itemListElement":[{"@type":"ListItem","position":1,"name":"Accueil","item":"https:\/\/www.auriac-lagast.ovh\/"},{"@type":"ListItem","position":2,"name":"STATUTS de l\u2019ASSOCIATION VEL0 HISTOIRE ET TOURISME(VHTA)"}]},{"@type":"WebSite","@id":"https:\/\/www.auriac-lagast.ovh\/#website","url":"https:\/\/www.auriac-lagast.ovh\/","name":"Association VELO-HISTOIRE-TOURISME","description":"Auriac Lagast","potentialAction":[{"@type":"SearchAction","target":{"@type":"EntryPoint","urlTemplate":"https:\/\/www.auriac-lagast.ovh\/?s={search_term_string}"},"query-input":"required name=search_term_string"}],"inLanguage":"fr-FR"}]}},"_links":{"self":[{"href":"https:\/\/www.auriac-lagast.ovh\/index.php?rest_route=\/wp\/v2\/pages\/465"}],"collection":[{"href":"https:\/\/www.auriac-lagast.ovh\/index.php?rest_route=\/wp\/v2\/pages"}],"about":[{"href":"https:\/\/www.auriac-lagast.ovh\/index.php?rest_route=\/wp\/v2\/types\/page"}],"author":[{"embeddable":true,"href":"https:\/\/www.auriac-lagast.ovh\/index.php?rest_route=\/wp\/v2\/users\/1"}],"replies":[{"embeddable":true,"href":"https:\/\/www.auriac-lagast.ovh\/index.php?rest_route=%2Fwp%2Fv2%2Fcomments&post=465"}],"version-history":[{"count":2,"href":"https:\/\/www.auriac-lagast.ovh\/index.php?rest_route=\/wp\/v2\/pages\/465\/revisions"}],"predecessor-version":[{"id":467,"href":"https:\/\/www.auriac-lagast.ovh\/index.php?rest_route=\/wp\/v2\/pages\/465\/revisions\/467"}],"wp:attachment":[{"href":"https:\/\/www.auriac-lagast.ovh\/index.php?rest_route=%2Fwp%2Fv2%2Fmedia&parent=465"}],"curies":[{"name":"wp","href":"https:\/\/api.w.org\/{rel}","templated":true}]}}