{"id":460,"date":"2023-08-04T19:29:14","date_gmt":"2023-08-04T17:29:14","guid":{"rendered":"https:\/\/www.auriac-lagast.ovh\/?page_id=460"},"modified":"2025-08-10T16:23:31","modified_gmt":"2025-08-10T14:23:31","slug":"a-propos","status":"publish","type":"page","link":"https:\/\/www.auriac-lagast.ovh\/?page_id=460","title":{"rendered":"A propos"},"content":{"rendered":"\n<p>L&rsquo;association v\u00e9lo-histoire-tourisme a \u00e9t\u00e9 cr\u00e9\u00e9e le 31 ao\u00fbt 2022.<\/p>\n\n\n\n<p><a href=\"https:\/\/www.auriac-lagast.ovh\/?page_id=465\">Statuts de l&rsquo;association.<\/a><\/p>\n\n\n\n<p>Comptes rendus des AG:<\/p>\n\n\n\n<p><a href=\"https:\/\/www.auriac-lagast.ovh\/?page_id=469\">13 ao\u00fbt 2022<\/a><\/p>\n\n\n\n<p><a href=\"https:\/\/www.auriac-lagast.ovh\/?page_id=472\">4 ao\u00fbt 2023<\/a><\/p>\n\n\n\n<p><a href=\"https:\/\/www.auriac-lagast.ovh\/?page_id=487\">12 ao\u00fbt 2024<\/a><\/p>\n\n\n\n<p><a href=\"https:\/\/www.auriac-lagast.ovh\/?page_id=492\">10 Aout 2025<\/a><\/p>\n","protected":false},"excerpt":{"rendered":"<p>L&rsquo;association v\u00e9lo-histoire-tourisme a \u00e9t\u00e9 cr\u00e9\u00e9e le 31 ao\u00fbt 2022. Statuts de l&rsquo;association. Comptes rendus des AG: 13 ao\u00fbt 2022 4 ao\u00fbt 2023 12 ao\u00fbt 2024 10 Aout 2025<\/p>\n","protected":false},"author":1,"featured_media":0,"parent":0,"menu_order":0,"comment_status":"closed","ping_status":"closed","template":"","meta":[],"yoast_head":"<!-- This site is optimized with the Yoast SEO plugin v20.12 - https:\/\/yoast.com\/wordpress\/plugins\/seo\/ -->\n<title>A propos - Association VELO-HISTOIRE-TOURISME<\/title>\n<meta name=\"robots\" content=\"index, follow, max-snippet:-1, max-image-preview:large, max-video-preview:-1\" \/>\n<link rel=\"canonical\" href=\"https:\/\/www.auriac-lagast.ovh\/?page_id=460\" \/>\n<meta property=\"og:locale\" content=\"fr_FR\" \/>\n<meta property=\"og:type\" content=\"article\" \/>\n<meta property=\"og:title\" content=\"A propos - Association VELO-HISTOIRE-TOURISME\" \/>\n<meta property=\"og:description\" content=\"L&rsquo;association v\u00e9lo-histoire-tourisme a \u00e9t\u00e9 cr\u00e9\u00e9e le 31 ao\u00fbt 2022. Statuts de l&rsquo;association. Comptes rendus des AG: 13 ao\u00fbt 2022 4 ao\u00fbt 2023 12 ao\u00fbt 2024 10 Aout 2025\" \/>\n<meta property=\"og:url\" content=\"https:\/\/www.auriac-lagast.ovh\/?page_id=460\" \/>\n<meta property=\"og:site_name\" content=\"Association VELO-HISTOIRE-TOURISME\" \/>\n<meta property=\"article:modified_time\" content=\"2025-08-10T14:23:31+00:00\" \/>\n<meta name=\"twitter:card\" content=\"summary_large_image\" \/>\n<meta name=\"twitter:label1\" content=\"Dur\u00e9e de lecture estim\u00e9e\" \/>\n\t<meta name=\"twitter:data1\" content=\"1 minute\" \/>\n<script type=\"application\/ld+json\" class=\"yoast-schema-graph\">{\"@context\":\"https:\/\/schema.org\",\"@graph\":[{\"@type\":\"WebPage\",\"@id\":\"https:\/\/www.auriac-lagast.ovh\/?page_id=460\",\"url\":\"https:\/\/www.auriac-lagast.ovh\/?page_id=460\",\"name\":\"A propos - Association VELO-HISTOIRE-TOURISME\",\"isPartOf\":{\"@id\":\"https:\/\/www.auriac-lagast.ovh\/#website\"},\"datePublished\":\"2023-08-04T17:29:14+00:00\",\"dateModified\":\"2025-08-10T14:23:31+00:00\",\"breadcrumb\":{\"@id\":\"https:\/\/www.auriac-lagast.ovh\/?page_id=460#breadcrumb\"},\"inLanguage\":\"fr-FR\",\"potentialAction\":[{\"@type\":\"ReadAction\",\"target\":[\"https:\/\/www.auriac-lagast.ovh\/?page_id=460\"]}]},{\"@type\":\"BreadcrumbList\",\"@id\":\"https:\/\/www.auriac-lagast.ovh\/?page_id=460#breadcrumb\",\"itemListElement\":[{\"@type\":\"ListItem\",\"position\":1,\"name\":\"Accueil\",\"item\":\"https:\/\/www.auriac-lagast.ovh\/\"},{\"@type\":\"ListItem\",\"position\":2,\"name\":\"A propos\"}]},{\"@type\":\"WebSite\",\"@id\":\"https:\/\/www.auriac-lagast.ovh\/#website\",\"url\":\"https:\/\/www.auriac-lagast.ovh\/\",\"name\":\"Association VELO-HISTOIRE-TOURISME\",\"description\":\"Auriac Lagast\",\"potentialAction\":[{\"@type\":\"SearchAction\",\"target\":{\"@type\":\"EntryPoint\",\"urlTemplate\":\"https:\/\/www.auriac-lagast.ovh\/?s={search_term_string}\"},\"query-input\":\"required name=search_term_string\"}],\"inLanguage\":\"fr-FR\"}]}<\/script>\n<!-- \/ Yoast SEO plugin. -->","yoast_head_json":{"title":"A propos - Association VELO-HISTOIRE-TOURISME","robots":{"index":"index","follow":"follow","max-snippet":"max-snippet:-1","max-image-preview":"max-image-preview:large","max-video-preview":"max-video-preview:-1"},"canonical":"https:\/\/www.auriac-lagast.ovh\/?page_id=460","og_locale":"fr_FR","og_type":"article","og_title":"A propos - Association VELO-HISTOIRE-TOURISME","og_description":"L&rsquo;association v\u00e9lo-histoire-tourisme a \u00e9t\u00e9 cr\u00e9\u00e9e le 31 ao\u00fbt 2022. Statuts de l&rsquo;association. Comptes rendus des AG: 13 ao\u00fbt 2022 4 ao\u00fbt 2023 12 ao\u00fbt 2024 10 Aout 2025","og_url":"https:\/\/www.auriac-lagast.ovh\/?page_id=460","og_site_name":"Association VELO-HISTOIRE-TOURISME","article_modified_time":"2025-08-10T14:23:31+00:00","twitter_card":"summary_large_image","twitter_misc":{"Dur\u00e9e de lecture estim\u00e9e":"1 minute"},"schema":{"@context":"https:\/\/schema.org","@graph":[{"@type":"WebPage","@id":"https:\/\/www.auriac-lagast.ovh\/?page_id=460","url":"https:\/\/www.auriac-lagast.ovh\/?page_id=460","name":"A propos - Association VELO-HISTOIRE-TOURISME","isPartOf":{"@id":"https:\/\/www.auriac-lagast.ovh\/#website"},"datePublished":"2023-08-04T17:29:14+00:00","dateModified":"2025-08-10T14:23:31+00:00","breadcrumb":{"@id":"https:\/\/www.auriac-lagast.ovh\/?page_id=460#breadcrumb"},"inLanguage":"fr-FR","potentialAction":[{"@type":"ReadAction","target":["https:\/\/www.auriac-lagast.ovh\/?page_id=460"]}]},{"@type":"BreadcrumbList","@id":"https:\/\/www.auriac-lagast.ovh\/?page_id=460#breadcrumb","itemListElement":[{"@type":"ListItem","position":1,"name":"Accueil","item":"https:\/\/www.auriac-lagast.ovh\/"},{"@type":"ListItem","position":2,"name":"A propos"}]},{"@type":"WebSite","@id":"https:\/\/www.auriac-lagast.ovh\/#website","url":"https:\/\/www.auriac-lagast.ovh\/","name":"Association VELO-HISTOIRE-TOURISME","description":"Auriac Lagast","potentialAction":[{"@type":"SearchAction","target":{"@type":"EntryPoint","urlTemplate":"https:\/\/www.auriac-lagast.ovh\/?s={search_term_string}"},"query-input":"required name=search_term_string"}],"inLanguage":"fr-FR"}]}},"_links":{"self":[{"href":"https:\/\/www.auriac-lagast.ovh\/index.php?rest_route=\/wp\/v2\/pages\/460"}],"collection":[{"href":"https:\/\/www.auriac-lagast.ovh\/index.php?rest_route=\/wp\/v2\/pages"}],"about":[{"href":"https:\/\/www.auriac-lagast.ovh\/index.php?rest_route=\/wp\/v2\/types\/page"}],"author":[{"embeddable":true,"href":"https:\/\/www.auriac-lagast.ovh\/index.php?rest_route=\/wp\/v2\/users\/1"}],"replies":[{"embeddable":true,"href":"https:\/\/www.auriac-lagast.ovh\/index.php?rest_route=%2Fwp%2Fv2%2Fcomments&post=460"}],"version-history":[{"count":10,"href":"https:\/\/www.auriac-lagast.ovh\/index.php?rest_route=\/wp\/v2\/pages\/460\/revisions"}],"predecessor-version":[{"id":495,"href":"https:\/\/www.auriac-lagast.ovh\/index.php?rest_route=\/wp\/v2\/pages\/460\/revisions\/495"}],"wp:attachment":[{"href":"https:\/\/www.auriac-lagast.ovh\/index.php?rest_route=%2Fwp%2Fv2%2Fmedia&parent=460"}],"curies":[{"name":"wp","href":"https:\/\/api.w.org\/{rel}","templated":true}]}}