{"id":441,"date":"2023-07-25T22:02:38","date_gmt":"2023-07-25T20:02:38","guid":{"rendered":"https:\/\/www.auriac-lagast.ovh\/?page_id=441"},"modified":"2023-07-25T22:54:51","modified_gmt":"2023-07-25T20:54:51","slug":"auriac-villefranche-de-panat-peyrebrune-mas-viala-auriac","status":"publish","type":"page","link":"https:\/\/www.auriac-lagast.ovh\/?page_id=441","title":{"rendered":"Auriac &#8211; Villefranche-de-Panat &#8211; Peyrebrune &#8211; Mas Viala &#8211; Auriac"},"content":{"rendered":"\n<p>C&rsquo;est un circuit de 40 km qui permet de d\u00e9couvrir les alentours du lac de Villefranche-de-Panat. Apr\u00e8s \u00eatre mont\u00e9 par la route jusqu&rsquo;au bois du Lagast, on redescend vers le lac par le GR de Pays \u00ab\u00a0Grand tour des monts et lacs\u00a0\u00bb. On rejoint le chemin long du lac qui peut \u00eatre difficile en cas d&rsquo;affluence. Il est alors pr\u00e9f\u00e9rable de prendre la route. Apr\u00e8s Villefranche-de-Panat, on poursuit par ce m\u00eame GR, jusqu&rsquo;\u00e0 la tour de Peyrebrune. C&rsquo;est la partie la plus technique, mais toujours roulante. Apr\u00e8s Peyrebrune, le GR se confond avec la route jusqu&rsquo;\u00e0 Boussinesq. On rejoint alors la ligne de cr\u00eate qui s\u00e9pare les bassins des lacs de Villefranche-de-Panat et de Pareloup. On file alors vers l&rsquo;ouest par une piste qui contourne le Puech de Frayssinous. C&rsquo;est le point haut du parcours. Le retour, essentiellement descendant, se fait par la route: Mas Viala, La Capelle Farcel, bois du Lagast.<\/p>\n\n\n\n<figure class=\"wp-block-image size-full\"><img decoding=\"async\" loading=\"lazy\" width=\"871\" height=\"698\" src=\"https:\/\/www.auriac-lagast.ovh\/wp-content\/uploads\/2023\/07\/villefranche-de-panat-peyrebrune-mas-viala.jpg\" alt=\"\" class=\"wp-image-442\" srcset=\"https:\/\/www.auriac-lagast.ovh\/wp-content\/uploads\/2023\/07\/villefranche-de-panat-peyrebrune-mas-viala.jpg 871w, https:\/\/www.auriac-lagast.ovh\/wp-content\/uploads\/2023\/07\/villefranche-de-panat-peyrebrune-mas-viala-300x240.jpg 300w, https:\/\/www.auriac-lagast.ovh\/wp-content\/uploads\/2023\/07\/villefranche-de-panat-peyrebrune-mas-viala-768x615.jpg 768w\" sizes=\"(max-width: 706px) 89vw, (max-width: 767px) 82vw, 740px\" \/><\/figure>\n","protected":false},"excerpt":{"rendered":"<p>C&rsquo;est un circuit de 40 km qui permet de d\u00e9couvrir les alentours du lac de Villefranche-de-Panat. Apr\u00e8s \u00eatre mont\u00e9 par la route jusqu&rsquo;au bois du Lagast, on redescend vers le lac par le GR de Pays \u00ab\u00a0Grand tour des monts et lacs\u00a0\u00bb. On rejoint le chemin long du lac qui peut \u00eatre difficile en cas &hellip; <\/p>\n<p class=\"link-more\"><a href=\"https:\/\/www.auriac-lagast.ovh\/?page_id=441\" class=\"more-link\">Continuer la lecture<span class=\"screen-reader-text\"> de &laquo;&nbsp;Auriac &#8211; Villefranche-de-Panat &#8211; Peyrebrune &#8211; Mas Viala &#8211; Auriac&nbsp;&raquo;<\/span><\/a><\/p>\n","protected":false},"author":1,"featured_media":0,"parent":0,"menu_order":0,"comment_status":"closed","ping_status":"closed","template":"","meta":[],"yoast_head":"<!-- This site is optimized with the Yoast SEO plugin v20.12 - https:\/\/yoast.com\/wordpress\/plugins\/seo\/ -->\n<title>Auriac - Villefranche-de-Panat - Peyrebrune - Mas Viala - Auriac - Association VELO-HISTOIRE-TOURISME<\/title>\n<meta name=\"robots\" content=\"index, follow, max-snippet:-1, max-image-preview:large, max-video-preview:-1\" \/>\n<link rel=\"canonical\" href=\"https:\/\/www.auriac-lagast.ovh\/?page_id=441\" \/>\n<meta property=\"og:locale\" content=\"fr_FR\" \/>\n<meta property=\"og:type\" content=\"article\" \/>\n<meta property=\"og:title\" content=\"Auriac - Villefranche-de-Panat - Peyrebrune - Mas Viala - Auriac - Association VELO-HISTOIRE-TOURISME\" \/>\n<meta property=\"og:description\" content=\"C&rsquo;est un circuit de 40 km qui permet de d\u00e9couvrir les alentours du lac de Villefranche-de-Panat. Apr\u00e8s \u00eatre mont\u00e9 par la route jusqu&rsquo;au bois du Lagast, on redescend vers le lac par le GR de Pays \u00ab\u00a0Grand tour des monts et lacs\u00a0\u00bb. On rejoint le chemin long du lac qui peut \u00eatre difficile en cas &hellip; Continuer la lecture de &laquo;&nbsp;Auriac &#8211; Villefranche-de-Panat &#8211; Peyrebrune &#8211; Mas Viala &#8211; Auriac&nbsp;&raquo;\" \/>\n<meta property=\"og:url\" content=\"https:\/\/www.auriac-lagast.ovh\/?page_id=441\" \/>\n<meta property=\"og:site_name\" content=\"Association VELO-HISTOIRE-TOURISME\" \/>\n<meta property=\"article:modified_time\" content=\"2023-07-25T20:54:51+00:00\" \/>\n<meta property=\"og:image\" content=\"https:\/\/www.auriac-lagast.ovh\/wp-content\/uploads\/2023\/07\/villefranche-de-panat-peyrebrune-mas-viala.jpg\" \/>\n<meta name=\"twitter:card\" content=\"summary_large_image\" \/>\n<meta name=\"twitter:label1\" content=\"Dur\u00e9e de lecture estim\u00e9e\" \/>\n\t<meta name=\"twitter:data1\" content=\"1 minute\" \/>\n<script type=\"application\/ld+json\" class=\"yoast-schema-graph\">{\"@context\":\"https:\/\/schema.org\",\"@graph\":[{\"@type\":\"WebPage\",\"@id\":\"https:\/\/www.auriac-lagast.ovh\/?page_id=441\",\"url\":\"https:\/\/www.auriac-lagast.ovh\/?page_id=441\",\"name\":\"Auriac - Villefranche-de-Panat - Peyrebrune - Mas Viala - Auriac - Association VELO-HISTOIRE-TOURISME\",\"isPartOf\":{\"@id\":\"https:\/\/www.auriac-lagast.ovh\/#website\"},\"datePublished\":\"2023-07-25T20:02:38+00:00\",\"dateModified\":\"2023-07-25T20:54:51+00:00\",\"breadcrumb\":{\"@id\":\"https:\/\/www.auriac-lagast.ovh\/?page_id=441#breadcrumb\"},\"inLanguage\":\"fr-FR\",\"potentialAction\":[{\"@type\":\"ReadAction\",\"target\":[\"https:\/\/www.auriac-lagast.ovh\/?page_id=441\"]}]},{\"@type\":\"BreadcrumbList\",\"@id\":\"https:\/\/www.auriac-lagast.ovh\/?page_id=441#breadcrumb\",\"itemListElement\":[{\"@type\":\"ListItem\",\"position\":1,\"name\":\"Accueil\",\"item\":\"https:\/\/www.auriac-lagast.ovh\/\"},{\"@type\":\"ListItem\",\"position\":2,\"name\":\"Auriac &#8211; Villefranche-de-Panat &#8211; Peyrebrune &#8211; Mas Viala &#8211; Auriac\"}]},{\"@type\":\"WebSite\",\"@id\":\"https:\/\/www.auriac-lagast.ovh\/#website\",\"url\":\"https:\/\/www.auriac-lagast.ovh\/\",\"name\":\"Association VELO-HISTOIRE-TOURISME\",\"description\":\"Auriac Lagast\",\"potentialAction\":[{\"@type\":\"SearchAction\",\"target\":{\"@type\":\"EntryPoint\",\"urlTemplate\":\"https:\/\/www.auriac-lagast.ovh\/?s={search_term_string}\"},\"query-input\":\"required name=search_term_string\"}],\"inLanguage\":\"fr-FR\"}]}<\/script>\n<!-- \/ Yoast SEO plugin. -->","yoast_head_json":{"title":"Auriac - Villefranche-de-Panat - Peyrebrune - Mas Viala - Auriac - Association VELO-HISTOIRE-TOURISME","robots":{"index":"index","follow":"follow","max-snippet":"max-snippet:-1","max-image-preview":"max-image-preview:large","max-video-preview":"max-video-preview:-1"},"canonical":"https:\/\/www.auriac-lagast.ovh\/?page_id=441","og_locale":"fr_FR","og_type":"article","og_title":"Auriac - Villefranche-de-Panat - Peyrebrune - Mas Viala - Auriac - Association VELO-HISTOIRE-TOURISME","og_description":"C&rsquo;est un circuit de 40 km qui permet de d\u00e9couvrir les alentours du lac de Villefranche-de-Panat. Apr\u00e8s \u00eatre mont\u00e9 par la route jusqu&rsquo;au bois du Lagast, on redescend vers le lac par le GR de Pays \u00ab\u00a0Grand tour des monts et lacs\u00a0\u00bb. On rejoint le chemin long du lac qui peut \u00eatre difficile en cas &hellip; Continuer la lecture de &laquo;&nbsp;Auriac &#8211; Villefranche-de-Panat &#8211; Peyrebrune &#8211; Mas Viala &#8211; Auriac&nbsp;&raquo;","og_url":"https:\/\/www.auriac-lagast.ovh\/?page_id=441","og_site_name":"Association VELO-HISTOIRE-TOURISME","article_modified_time":"2023-07-25T20:54:51+00:00","og_image":[{"url":"https:\/\/www.auriac-lagast.ovh\/wp-content\/uploads\/2023\/07\/villefranche-de-panat-peyrebrune-mas-viala.jpg"}],"twitter_card":"summary_large_image","twitter_misc":{"Dur\u00e9e de lecture estim\u00e9e":"1 minute"},"schema":{"@context":"https:\/\/schema.org","@graph":[{"@type":"WebPage","@id":"https:\/\/www.auriac-lagast.ovh\/?page_id=441","url":"https:\/\/www.auriac-lagast.ovh\/?page_id=441","name":"Auriac - Villefranche-de-Panat - Peyrebrune - Mas Viala - Auriac - Association VELO-HISTOIRE-TOURISME","isPartOf":{"@id":"https:\/\/www.auriac-lagast.ovh\/#website"},"datePublished":"2023-07-25T20:02:38+00:00","dateModified":"2023-07-25T20:54:51+00:00","breadcrumb":{"@id":"https:\/\/www.auriac-lagast.ovh\/?page_id=441#breadcrumb"},"inLanguage":"fr-FR","potentialAction":[{"@type":"ReadAction","target":["https:\/\/www.auriac-lagast.ovh\/?page_id=441"]}]},{"@type":"BreadcrumbList","@id":"https:\/\/www.auriac-lagast.ovh\/?page_id=441#breadcrumb","itemListElement":[{"@type":"ListItem","position":1,"name":"Accueil","item":"https:\/\/www.auriac-lagast.ovh\/"},{"@type":"ListItem","position":2,"name":"Auriac &#8211; Villefranche-de-Panat &#8211; Peyrebrune &#8211; Mas Viala &#8211; Auriac"}]},{"@type":"WebSite","@id":"https:\/\/www.auriac-lagast.ovh\/#website","url":"https:\/\/www.auriac-lagast.ovh\/","name":"Association VELO-HISTOIRE-TOURISME","description":"Auriac Lagast","potentialAction":[{"@type":"SearchAction","target":{"@type":"EntryPoint","urlTemplate":"https:\/\/www.auriac-lagast.ovh\/?s={search_term_string}"},"query-input":"required name=search_term_string"}],"inLanguage":"fr-FR"}]}},"_links":{"self":[{"href":"https:\/\/www.auriac-lagast.ovh\/index.php?rest_route=\/wp\/v2\/pages\/441"}],"collection":[{"href":"https:\/\/www.auriac-lagast.ovh\/index.php?rest_route=\/wp\/v2\/pages"}],"about":[{"href":"https:\/\/www.auriac-lagast.ovh\/index.php?rest_route=\/wp\/v2\/types\/page"}],"author":[{"embeddable":true,"href":"https:\/\/www.auriac-lagast.ovh\/index.php?rest_route=\/wp\/v2\/users\/1"}],"replies":[{"embeddable":true,"href":"https:\/\/www.auriac-lagast.ovh\/index.php?rest_route=%2Fwp%2Fv2%2Fcomments&post=441"}],"version-history":[{"count":3,"href":"https:\/\/www.auriac-lagast.ovh\/index.php?rest_route=\/wp\/v2\/pages\/441\/revisions"}],"predecessor-version":[{"id":453,"href":"https:\/\/www.auriac-lagast.ovh\/index.php?rest_route=\/wp\/v2\/pages\/441\/revisions\/453"}],"wp:attachment":[{"href":"https:\/\/www.auriac-lagast.ovh\/index.php?rest_route=%2Fwp%2Fv2%2Fmedia&parent=441"}],"curies":[{"name":"wp","href":"https:\/\/api.w.org\/{rel}","templated":true}]}}